{"id":36,"date":"2015-12-30T21:30:28","date_gmt":"2015-12-30T21:30:28","guid":{"rendered":"http:\/\/tumana.how\/?page_id=36"},"modified":"2015-12-30T21:31:34","modified_gmt":"2015-12-30T21:31:34","slug":"fragen-antworten","status":"publish","type":"page","link":"https:\/\/tumana.how\/?page_id=36","title":{"rendered":"Fragen &#038; Antworten"},"content":{"rendered":"<p><strong>Was ist WePAM?<\/strong><br \/>\nWas tut man damit? Ist es wasserfest? Hitzebest\u00e4ndig? Flexibel? Fest? Klebt es?<br \/>\nWas erwartet Dich wenn Du die Packung \u00f6ffnest?<\/p>\n<p><strong>WePam ist eine lufttrocknende Modelliermasse.<\/strong><br \/>\nDas etwas andere daran ist, dass es keine Risse bildet beim trocknen (na gut &#8211; wenn man das eine oder andere ber\u00fccksichtigt ) und auch nicht soooooo schnell trocknet.<br \/>\nAber nun der Reihe nach:<\/p>\n<p><span style=\"color: #008000;\"><strong>? Kann man die Farben mischen?<\/strong><\/span><br \/>\n<span style=\"color: #993366;\"><strong>! Ja, alle Farben sind untereinander mischbar.<\/strong><\/span><\/p>\n<p><span style=\"color: #008000;\"><strong>? Bleibt die Farbe genau gleich wenn WePAM getrocknet ist?<\/strong><\/span><br \/>\n<span style=\"color: #993366;\"><strong>! Nein, die Farben dunklen nach<\/strong><\/span><br \/>\n&#8230;.ich dachte bei der Farbe Gold erst, das sieht aus wie Keksteig *kicher* wurde dann wundersch\u00f6n goldfarben.<\/p>\n<p><span style=\"color: #008000;\"><strong>? Wie f\u00fchlt sich WePAM an?<\/strong><\/span><br \/>\n<span style=\"color: #993366;\"><strong>! Erst mal klebrig.<\/strong><\/span><br \/>\n&#8230;und das ist der Grund:<br \/>\nWePAM wird nach der Herstellung warm verpackt, was zur Folge hat, dass im Laufe der Abk\u00fchlung in der Verpackung Feuchtigkeit &#8222;ausd\u00fcnstet&#8220;, die sich and er Oberfl\u00e4che vom WePAM absetzt. Somit wirst Du sehrwahrscheinlich das Gef\u00fchl haben, dass Dein WePAM klebrig ist.<br \/>\nDem kannst Du ganz schnell und ganz einfach Abhilfe verschaffen: Erst mal t\u00fcchtig durchkneten! Teile Dir den Block in St\u00fccke und knete und massiere das Dings erst mal durch! Wenn Dir die Konsistenz dann gef\u00e4llt (und das dauert nicht lange), verstau es wieder gut in der Folie damit es nicht austrocknet.<br \/>\nKann sein dass Deine H\u00e4nde etwas klebrig sind &#8211; einfach H\u00e4nde waschen und gut ist, Dein WePAM wird jetzt nicht mehr klebrig sein wenn Du damit arbeitest. Die unangenehme Haptik l\u00e4sst so ganz problemlos nach.<br \/>\nEmpfohlen wird, beim arbeiten mit WePAM die H\u00e4nde mit einer fettfreien Creme (explizit wird Nivea Soft vom WePAM-Hersteller erw\u00e4hnt), einzureiben.<br \/>\nDazu kann ich jetzt noch nix sagen aber hey, Du willst es eh selbst ausprobieren<\/p>\n<p><span style=\"color: #008000;\"><strong>? Welche Materialien empfehlen sich, um mit WePAm zu arbeiten?<\/strong><\/span><br \/>\n<span style=\"color: #993366;\"><strong>! PVC! Nicht Holz und auch kein Acryl, WePAM klebt da dran sehr gern.<\/strong><\/span><\/p>\n<p><span style=\"color: #008000;\"><strong>? Was ist die ideale Arbeitsunterlage?<\/strong><\/span><br \/>\n<span style=\"color: #993366;\"><strong>! Der Hersteller empfiehlt Sichth\u00fcllen die etwas &#8222;krisselig&#8220; sind (da drauf klebt nicht mal Leim, hihi)<\/strong><\/span><br \/>\n<strong>&gt;&gt;&gt; Die Erfahrung sagt:<\/strong> Bitte nimm immer ein neues M\u00e4ppchen! Wenn Du bereits WePAM drauf bearbeitet hast, klebt&#8217;s wie Bolle, das kriegst Du nicht mehr weg ohne das WePAM-St\u00fcck zu zerst\u00f6ren.<br \/>\nAm besten schneidest Du die M\u00e4ppchen in St\u00fccke, so kannst Du die St\u00fccke beidseitig benutzen und hast anstatt zwei Seiten &#8211; vier Seiten zum benutzen.<\/p>\n<p><span style=\"color: #008000;\"><strong>? Und Ausstecherchen? Wie geht das am einfachsten?<\/strong><\/span><br \/>\n<span style=\"color: #993366;\"><strong>! Mit Frischhaltefolie!<\/strong><\/span> WePAM auswallen, Frischhaltefolie drauf, ausstechen. So werden die R\u00e4nder sch\u00f6n<br \/>\n&#8211; und WePAM pappt nicht am Austechf\u00f6rmchen fest.<\/p>\n<p><span style=\"color: #008000;\"><strong>? Schrumpft WePAM beim trocknen?<\/strong><\/span><br \/>\n<span style=\"color: #993366;\"><strong>! Ja. Der Hersteller sagt, um ca. 10%<\/strong><\/span><br \/>\n&#8230;wenn Du eine Kugel machst, ist das ja kein Problem, da schrumpft es gleichm\u00e4ssig rundherum.<br \/>\nWenn Du nun aber eine etwas grossfl\u00e4chigere, etwas flache Form im Sinn hast, musst Du bissel Acht geben dass sich das Dings nicht w\u00f6lbt:<br \/>\nLass es z.B. auf Holz oder Karton trocknen, da kann die Feuchtigkeit gut absorbiert werden. Ich habe mein Testst\u00fcck &#8211; das war aber auch nicht gross, Durchmesser einen guten Zentimeter &#8211; einfach gewendet w\u00e4hrend des Trocknungsprozesses. Gr\u00f6ssere Teile w\u00fcrde ich mit Karton beschweren im Trocknungsprozess.<\/p>\n<p><span style=\"color: #008000;\"><strong>? WePAM bildet keine Risse beim trocknen?!? Echt?<\/strong><\/span><br \/>\n<span style=\"color: #993366;\"><strong>! Jap, das ist so.<\/strong> <\/span>WePAM bildet tats\u00e4chlich keine Risse. Wenn Du eine Kleinigkeit beachtest:<br \/>\nDu musst wirklich aufpassen, dass die Oberfl\u00e4che gut verarbeitet und geschmeidig-glatt ist. Wenn Du auch nur einen minikleinen Riss hast, wird es genau dort reissen beim trocknen.<br \/>\nAlso achte gut darauf beim werkeln, ja?<br \/>\nErw\u00fcrge die Kugel nicht zu lange in Deinen H\u00e4nden, arbeite z\u00fcgig und ohne zu argen Druck, dann wird&#8217;s perfekt!<\/p>\n<p><span style=\"color: #008000;\"><strong>? Womit klebe ich WePAM-Teilchen zusammen?<\/strong><\/span><br \/>\n<span style=\"color: #993366;\"><strong>! Der Hersteller empfiehlt seinen Weissleim Cl\u00e9ocolle.<\/strong><\/span><br \/>\nIch empfehle, wenn Du diesen speziellen Leim nicht verf\u00fcgbar hast, erst mal mit Deinem Leim an einem Testst\u00fcckchen rumzuexperimentieren. Uuuuuuuuuuund vergiss dabei bitte nicht, Dir Notizen zu machen<br \/>\nLaut Hersteller k\u00f6nnen auch nicht-getrocknete St\u00fccke verleimt werden.<br \/>\nWenn&#8217;s grosse, schwerere St\u00fcckchen sind, macht es Sinn, diese zu st\u00fctzen mit Draht, Zahnstocher, &#8230;. irgendwas halt<\/p>\n<p><span style=\"color: #008000;\"><strong>? Wie lange dauert es denn, bis WePAM durchgetrocknet ist?<\/strong><\/span><br \/>\n<span style=\"color: #993366;\"><strong>! Laut Hersteller pro 1cm Dicke 24h<\/strong><\/span><br \/>\nLass es also lieber bissel zu lange liegen, nicht dass es trocken erscheint, aber noch gar nicht richtig durchgeh\u00e4rtet ist.<\/p>\n<p><span style=\"color: #008000;\"><strong>? Ist WePAM hitzebest\u00e4ndig?<\/strong><\/span><br \/>\n<span style=\"color: #993366;\"><strong>! Ja.<\/strong><\/span><br \/>\nAllerdings wurde die Temperatur nicht ermittelt. Einen Topf der von der Herdplatte kommt, h\u00e4lt es laut Hersteller aus, Du kannst aus WePAM also Topfuntersetzer machen.<br \/>\nIch selbst brauche keine Topfuntersetzer, ich kann Dir also keine Tests offerieren &#8211; musst selber ausprobieren (und viel Spass haben dabei!)<\/p>\n<p><span style=\"color: #008000;\"><strong>? Und wenn&#8217;s heisser wird? Was passiert mit dem WePAM?<\/strong><\/span><br \/>\n<span style=\"color: #993366;\"><strong>! Das kommt draufan ob&#8217;s schon durchgetrocknet ist oder nicht;<\/strong><\/span><br \/>\nes kann klebrig werden. Im Kontakt mit einer Flamme verbrennt WePAM und wird schwarz.<br \/>\nNein, das habe ich noch nicht ausprobiert, muaaahahahahahaaaa<\/p>\n<p><span style=\"color: #008000;\"><strong>? Treten Giftstoffe aus? Als Gas?<\/strong><\/span><br \/>\n<span style=\"color: #993366;\"><strong>! Nein. Keinerlei Giftstoffe.<\/strong><\/span><\/p>\n<p><span style=\"color: #008000;\"><strong>? Wird durchgetrocknetes WePAM wieder weich wenn&#8217;s nass wird?<\/strong><\/span><br \/>\n<span style=\"color: #993366;\"><strong>! Grunds\u00e4tzlich gilt: WePAM ist nicht wasserbest\u00e4ndig.<\/strong><\/span><br \/>\nWePAm betseht fast ausschliesslich aus nat\u00fcrlichen Substanzen und im Wasser zersetzt sich WePAm nach und nach wie eine biologisch abbaubare Masse.<br \/>\nMan kann es als geringf\u00fcgif spritzwasserfest bezeichnen. Wenn Du es z.B. draussen haben willst (oder im Bad oder im Blumentopf, weisst schon), dann solltest Du es mit einem waserfetsen Lack lackieren.<br \/>\nDer Hersteller empfiehlt sein Produkt Aero&#8217;vernis &#8211; da ist&#8217;s wie beim Weissleim: probier&#8217;s erst mal an einem Probest\u00fcckchen aus wenn Du ein anderes Produkt verwenden willst<br \/>\nDa es lufth\u00e4rtend ist und keine Weichmacher enth\u00e4lt, wird es Dich k\u00e4umlich nach Jahren als Fliegenfalle \u00fcberraschen (allerdings ist das jetzt einfach nur so dahergesagt, ich bin ja noch neu im WePAM-Business, hihi. Ist einfach meine pers\u00f6nliche Logik).<\/p>\n<p><span style=\"color: #008000;\"><strong>? Kann durchgetrocknetes WePAM mit Hilfe von Feuchtigkeit wieder bearbeitet werden?<\/strong><\/span><br \/>\n<span style=\"color: #993366;\"><strong>! Nein. Nope. N\u00f6\u00f6\u00f6\u00f6.<\/strong><\/span><br \/>\nEs kann unter Umst\u00e4nden gelingen, die Oberfl\u00e4che mit einem angefeuchteten Schwamm zu gl\u00e4tten wenn&#8217;s zerkratz ist. Musst Du halt ausprobieren.<\/p>\n<p><span style=\"color: #008000;\"><strong>? Wie reagiert WePAM auf Schweiss?<\/strong><\/span><br \/>\n<span style=\"color: #993366;\"><strong>! Schweiss ist auch Fl\u00fcssigkeit<\/strong><\/span> (fieser als Wasser mit all den Salzen) &#8211; bitte lackiere Deine Schmuckst\u00fccke wenn Du sie auf der Haut tragen m\u00f6chtest.<\/p>\n<p><span style=\"color: #008000;\"><strong>? Ist WePAM nach den trocknen eher br\u00fcchig oder flexibel?<\/strong><\/span><br \/>\n<span style=\"color: #993366;\"><strong>! Eher flexibel<\/strong> <\/span>(wir werden das testen )<\/p>\n<p><span style=\"color: #008000;\"><strong>? Gibt es Lacke und Farben die speziell geeignet oder ungeeignet sind?<\/strong><\/span><br \/>\n<span style=\"color: #993366;\"><strong>! Lacke: Spr\u00fchlacke, matt oder gl\u00e4nzend von Cl\u00e9op\u00e2tre<\/strong><\/span> werden nat\u00fcrlich speziell empfohlen vom Hersteller.<br \/>\nEinen extremen Brillanteffekt gibt&#8217;s mit GlassGEL von Cl\u00e9op\u00e2tre, sagt der Hersteller. Ich werd&#8217;s testen *fr\u00f6i*<br \/>\nDer Hersteller macht keine Einschr\u00e4nkungen, WePAM macht einen mega vertr\u00e4glichen Eindruck &#8211; testen wir es aus!<\/p>\n<p><span style=\"color: #008000;\"><strong>? Ist WePAm ein Kinderspielzeug?<\/strong><\/span><br \/>\n<span style=\"color: #993366;\"><strong>! Nein.<\/strong><\/span> Aber unter Aufsicht von Erwachsenen problemlos bei Kindern ab 3 Jahren da es vollkommen schadlos ist.<\/p>\n<p><span style=\"color: #008000;\"><strong>? Welcher DIN-Norm (doppelt gemoppelt, sorry) entspricht WePAM?<\/strong><\/span><br \/>\n<span style=\"color: #993366;\"><strong>! DIN EN 71-3<\/strong> <\/span>(= Sicherheit von Spielzeug &#8211; Teil 3: Migration bestimmter Elemente)<br \/>\n(das haste jetzt wissen wollen, gell )<\/p>\n<p><span style=\"color: #008000;\"><strong>? Haftet frisches, weiches WePAM an bereits geh\u00e4rtetem WePAM? Verbinden sich die Teilchen beim trocknen?<\/strong><\/span><br \/>\n<span style=\"color: #993366;\"><strong>! Nein und nein. Musst Du kleben.<\/strong><\/span><\/p>\n<p><span style=\"color: #008000;\"><strong>? Wie lange kann eine angebrochene Packung schadlos gelagert werden?<\/strong><\/span><br \/>\n<span style=\"color: #993366;\"><strong>!<\/strong><\/span> Der Hersteller hat <span style=\"color: #993366;\"><strong>schadlose Lagerung<\/strong><\/span> in der Originalverpackung \u00fcber einen Zeitraum von <span style=\"color: #993366;\"><strong>4 Jahren<\/strong><\/span> vorliegen.<br \/>\nSuper, nicht?!?<\/p>\n<p><span style=\"color: #008000;\"><strong>? Wie wird WePAM am besten gelagert?<\/strong><\/span><br \/>\n<strong>! WePAM<\/strong> kommt zu Dir in seiner tollen Box. Dort drin ist WePAM nochmal in in einem Plastikt\u00fctchen eingewickelt. Wenn Du Dich daran h\u00e4ltst, wird Deinem WePAM nichts passieren. Lass es einfach nicht rumliegen und ja, ich nehme mich da an der Nase und verspreche, stets bem\u00fcht zu sein *seufz*<br \/>\nBitte denk dran auch Restchen gut einzupacken, der Hersteller r\u00e4t davon ab, Reste von Arbeiten zum frischen WePAM zu legen, weils klebrig werden k\u00f6nnte.<br \/>\nAm besten machst Du aus den kleinen Resten kleine Dinge mit Hilfe der WeMoules Mache ich auch immer mit kleinen Resten &#8211; irgendwas N\u00fctzliches das ich iiiiirgendwann brauchen kann.<\/p>\n<p>Hast Du noch irgend eine Frage?<br \/>\nDu kannst mir ein Mail schicken: briefpost @ tumana. how<br \/>\noder Du wendest Dich gleich an den Hersteller Cl\u00e9op\u00e2tre. Sind mega nette Leute dort, keine Scheu \ud83d\ude00<\/p>\n<p>Hab ganz viel Spass beim entdecken und ausprobieren!<br \/>\nViele liebe Gr\u00fcsse,<br \/>\nEure Tumana<\/p>\n","protected":false},"excerpt":{"rendered":"<p>Was ist WePAM? Was tut man damit? Ist es wasserfest? Hitzebest\u00e4ndig? Flexibel? Fest? Klebt es? Was erwartet Dich wenn Du die Packung \u00f6ffnest? WePam ist eine lufttrocknende Modelliermasse. Das etwas andere daran ist, dass es keine Risse bildet beim trocknen (na gut &#8211; wenn man das eine oder andere ber\u00fccksichtigt ) und auch nicht soooooo &hellip; <a href=\"https:\/\/tumana.how\/?page_id=36\" class=\"more-link\"><span class=\"screen-reader-text\">\u201eFragen &#038; Antworten\u201c <\/span>weiterlesen<\/a><\/p>\n","protected":false},"author":2,"featured_media":0,"parent":32,"menu_order":0,"comment_status":"closed","ping_status":"closed","template":"","meta":{"footnotes":""},"class_list":["post-36","page","type-page","status-publish","hentry"],"_links":{"self":[{"href":"https:\/\/tumana.how\/index.php?rest_route=\/wp\/v2\/pages\/36","targetHints":{"allow":["GET"]}}],"collection":[{"href":"https:\/\/tumana.how\/index.php?rest_route=\/wp\/v2\/pages"}],"about":[{"href":"https:\/\/tumana.how\/index.php?rest_route=\/wp\/v2\/types\/page"}],"author":[{"embeddable":true,"href":"https:\/\/tumana.how\/index.php?rest_route=\/wp\/v2\/users\/2"}],"replies":[{"embeddable":true,"href":"https:\/\/tumana.how\/index.php?rest_route=%2Fwp%2Fv2%2Fcomments&post=36"}],"version-history":[{"count":4,"href":"https:\/\/tumana.how\/index.php?rest_route=\/wp\/v2\/pages\/36\/revisions"}],"predecessor-version":[{"id":40,"href":"https:\/\/tumana.how\/index.php?rest_route=\/wp\/v2\/pages\/36\/revisions\/40"}],"up":[{"embeddable":true,"href":"https:\/\/tumana.how\/index.php?rest_route=\/wp\/v2\/pages\/32"}],"wp:attachment":[{"href":"https:\/\/tumana.how\/index.php?rest_route=%2Fwp%2Fv2%2Fmedia&parent=36"}],"curies":[{"name":"wp","href":"https:\/\/api.w.org\/{rel}","templated":true}]}}