{"id":48,"date":"2016-01-03T10:07:31","date_gmt":"2016-01-03T10:07:31","guid":{"rendered":"http:\/\/tumana.how\/?page_id=48"},"modified":"2016-01-03T10:07:31","modified_gmt":"2016-01-03T10:07:31","slug":"wepam-armschmuck","status":"publish","type":"page","link":"https:\/\/tumana.how\/?page_id=48","title":{"rendered":"WePAM Armschmuck"},"content":{"rendered":"<p>Mein wichtigstes Accessoire hier sind die <a href=\"https:\/\/www.bilasari.com\/de\/\" target=\"_blank\"><strong>Bilasari Holzstempel<\/strong><\/a>.<br \/>\nMuss kurz schw\u00e4rmen &#8211; die Stempel sind absolut genial! Sie geben tolle Struktur, es arbeitet sich toll mit ihnen und sie sind handgeschnitzt. Wahnsinn, nicht?!? DAS sind Kunsthandwerker!<br \/>\nDie Holzstempel stammen aus Indien und sind Fairtrade as Fairtrade can be; die Person die hinter Bilasari steht, holt sie n\u00e4mlich direkt bei den Kunsthandwerkern ab. Kein Zwischenh\u00e4ndler!<br \/>\nDu kannst also mit mehr als gutem Gewissen shoppen gehen. Und wenn Du Fragen hast, melde Dich bei der Shopinhaberin von Bilasari, sie ist meganett und erkl\u00e4rt Dir alles was Du wissen m\u00f6chtest.<\/p>\n<p><img decoding=\"async\" src=\"https:\/\/tumana.how\/wp-content\/uploads\/2015\/wepam\/armband\/wepam-bilasari-armband_1.jpg\" alt=\"Schmuckarmband aus WePAM mit Bilasari-Holzstempel. Anleitung von Tumana\" \/><\/p>\n<p>Hier findest Du den Onlineshop, einfach draufklicken:<\/p>\n<p><a href=\"https:\/\/www.bilasari.com\/de\" target=\"_blank\"><img decoding=\"async\" src=\"https:\/\/tumana.how\/wp-content\/uploads\/2015\/wepam\/armband\/banner_bilasari_logo.jpg\" alt=\"Phantastischer Shop: Bilasari\" \/><\/a><br \/>\nSo. Geht los.<br \/>\nBlaues WePAM plattmachen.<br \/>\nNicht zu d\u00fcnn! Wie dick magst Du Deinen Armschmuck denn haben?<br \/>\nEher filligran oder eher BAMM-da-bin-ich?<\/p>\n<p><img decoding=\"async\" src=\"https:\/\/tumana.how\/wp-content\/uploads\/2015\/wepam\/armband\/wepam-bilasari-armband_2.jpg\" alt=\"Schmuckarmband aus WePAM mit Bilasari-Holzstempel. Anleitung von Tumana\" \/><\/p>\n<p>Ganz und gar und bitte grossz\u00fcgig mit goldfarbenem Pigmentpulver einpinseln.<\/p>\n<p><img decoding=\"async\" src=\"https:\/\/tumana.how\/wp-content\/uploads\/2015\/wepam\/armband\/wepam-bilasari-armband_3.jpg\" alt=\"Schmuckarmband aus WePAM mit Bilasari-Holzstempel. Anleitung von Tumana\" \/><\/p>\n<p>Haushaltsfolie dr\u00fcber, dann bleibt nichts kleben am Holzstempel.<\/p>\n<p><img decoding=\"async\" src=\"https:\/\/tumana.how\/wp-content\/uploads\/2015\/wepam\/armband\/wepam-bilasari-armband_4.jpg\" alt=\"Schmuckarmband aus WePAM mit Bilasari-Holzstempel. Anleitung von Tumana\" \/><\/p>\n<p>Den Holzstempel reindr\u00fccken und wieder wegnehmen<\/p>\n<p><img decoding=\"async\" src=\"https:\/\/tumana.how\/wp-content\/uploads\/2015\/wepam\/armband\/wepam-bilasari-armband_5.jpg\" alt=\"Schmuckarmband aus WePAM mit Bilasari-Holzstempel. Anleitung von Tumana\" \/><\/p>\n<p>Megasch\u00f6n, gell.<br \/>\nIch schneide den bestempelten WePAM-Streifen zurecht, aus dem Rest mache ich Perlchen, wir schmeissen ja nix weg \ud83d\ude42<\/p>\n<p><img decoding=\"async\" src=\"https:\/\/tumana.how\/wp-content\/uploads\/2015\/wepam\/armband\/wepam-bilasari-armband_6.jpg\" alt=\"Schmuckarmband aus WePAM mit Bilasari-Holzstempel. Anleitung von Tumana\" \/><\/p>\n<p>Und wie wird der Armschmuck jetzt zum Armschmuck?<br \/>\nZum trocknen wickle ich das WePAM um etwas Rundes, hier ein Fl\u00e4schchen Acrylfarbe. Die Plastikfolie bostitche ich zusammen, das h\u00e4lt!<br \/>\nBitte achte darauf dass das Ding, welches Du als Formgebung zum trocknen benutzt, wesentlich d\u00fcnner ist als Dein Handgelenk! So wird die Armspange richtig gut und sicher an Deinem Handgelenk sitzen und nicht zu locker sein und abfallen.<\/p>\n<p><img decoding=\"async\" src=\"https:\/\/tumana.how\/wp-content\/uploads\/2015\/wepam\/armband\/wepam-bilasari-armband_7.jpg\" alt=\"Schmuckarmband aus WePAM mit Bilasari-Holzstempel. Anleitung von Tumana\" \/><\/p>\n<p>Trocknen lassen und dann einfach abnehmen:<\/p>\n<p><img decoding=\"async\" src=\"https:\/\/tumana.how\/wp-content\/uploads\/2015\/wepam\/armband\/wepam-bilasari-armband_8.jpg\" alt=\"Schmuckarmband aus WePAM mit Bilasari-Holzstempel. Anleitung von Tumana\" \/><\/p>\n<p>Lackieren finde ich hier mehr als sinnvoll *kicher* wobei das Pigment gut haftet. ich m\u00f6chte trotzdem keine abgeschabten Pigmente hinterlassen, also lackieren.<br \/>\nMit Fimolack, den habe ich grad da oder einfach einem wasserbasierten Acryllack:<\/p>\n<p><img decoding=\"async\" src=\"https:\/\/tumana.how\/wp-content\/uploads\/2015\/wepam\/armband\/wepam-bilasari-armband_9.jpg\" alt=\"Schmuckarmband aus WePAM mit Bilasari-Holzstempel. Anleitung von Tumana\" \/><\/p>\n<p>*zack* meins!<\/p>\n<p><img decoding=\"async\" src=\"https:\/\/tumana.how\/wp-content\/uploads\/2015\/wepam\/armband\/wepam-bilasari-armband_10.jpg\" alt=\"Schmuckarmband aus WePAM mit Bilasari-Holzstempel. Anleitung von Tumana\" \/><\/p>\n<p>A propos *zack*: &#8230;.sp\u00e4ter vielleicht.<\/p>\n<p><img decoding=\"async\" src=\"https:\/\/tumana.how\/wp-content\/uploads\/2015\/wepam\/armband\/schlafbaby.jpg\" alt=\"Psssst, Hundebaby schl\u00e4ft\" \/><\/p>\n<p>Hier nochmal der <a href=\"https:\/\/www.bilasari.com\/de\/\" target=\"_blank\">Link zum Bilasari-Shop<\/a>, bitte gr\u00fcss dort<br \/>\nlieb von mir \ud83d\ude42<br \/>\nUnd Dir w\u00fcnsche ich nat\u00fcrlich viel Spass beim st\u00f6bern, shoppen, werkeln und angeben mit dem neuen Schmuck!<br \/>\nLiebe Gr\u00fcsse,<br \/>\nEure Tumana<\/p>\n<p><a href=\"https:\/\/www.bilasari.com\/de\" target=\"_blank\"><img decoding=\"async\" src=\"https:\/\/tumana.how\/wp-content\/uploads\/2015\/wepam\/armband\/banner_bilasari_logo.jpg\" alt=\"Phantastischer Shop: Bilasari\" \/><\/a><\/p>\n","protected":false},"excerpt":{"rendered":"<p>Mein wichtigstes Accessoire hier sind die Bilasari Holzstempel. Muss kurz schw\u00e4rmen &#8211; die Stempel sind absolut genial! Sie geben tolle Struktur, es arbeitet sich toll mit ihnen und sie sind handgeschnitzt. Wahnsinn, nicht?!? DAS sind Kunsthandwerker! Die Holzstempel stammen aus Indien und sind Fairtrade as Fairtrade can be; die Person die hinter Bilasari steht, holt &hellip; <a href=\"https:\/\/tumana.how\/?page_id=48\" class=\"more-link\"><span class=\"screen-reader-text\">\u201eWePAM Armschmuck\u201c <\/span>weiterlesen<\/a><\/p>\n","protected":false},"author":2,"featured_media":0,"parent":32,"menu_order":0,"comment_status":"closed","ping_status":"closed","template":"","meta":{"footnotes":""},"class_list":["post-48","page","type-page","status-publish","hentry"],"_links":{"self":[{"href":"https:\/\/tumana.how\/index.php?rest_route=\/wp\/v2\/pages\/48","targetHints":{"allow":["GET"]}}],"collection":[{"href":"https:\/\/tumana.how\/index.php?rest_route=\/wp\/v2\/pages"}],"about":[{"href":"https:\/\/tumana.how\/index.php?rest_route=\/wp\/v2\/types\/page"}],"author":[{"embeddable":true,"href":"https:\/\/tumana.how\/index.php?rest_route=\/wp\/v2\/users\/2"}],"replies":[{"embeddable":true,"href":"https:\/\/tumana.how\/index.php?rest_route=%2Fwp%2Fv2%2Fcomments&post=48"}],"version-history":[{"count":1,"href":"https:\/\/tumana.how\/index.php?rest_route=\/wp\/v2\/pages\/48\/revisions"}],"predecessor-version":[{"id":49,"href":"https:\/\/tumana.how\/index.php?rest_route=\/wp\/v2\/pages\/48\/revisions\/49"}],"up":[{"embeddable":true,"href":"https:\/\/tumana.how\/index.php?rest_route=\/wp\/v2\/pages\/32"}],"wp:attachment":[{"href":"https:\/\/tumana.how\/index.php?rest_route=%2Fwp%2Fv2%2Fmedia&parent=48"}],"curies":[{"name":"wp","href":"https:\/\/api.w.org\/{rel}","templated":true}]}}