{"id":51,"date":"2016-01-03T10:22:12","date_gmt":"2016-01-03T10:22:12","guid":{"rendered":"http:\/\/tumana.how\/?page_id=51"},"modified":"2016-01-03T10:36:30","modified_gmt":"2016-01-03T10:36:30","slug":"wepam-drachenauge","status":"publish","type":"page","link":"https:\/\/tumana.how\/?page_id=51","title":{"rendered":"WePAM Drachenauge"},"content":{"rendered":"<p>Ein schuppiges Drachenauge modellieren geht ganz leicht und zackig schnell.<br \/>\nDu brauchst nebst WePAM auch noch ein Glasnugget, einen kaputten Zahnstocher und Metallicp\u00fclverchen.<br \/>\nDas kann auch Lidschatten sein oder eine feingeriebene Bleistiftmine &#8211; zur Not geht das auch.<\/p>\n<p>Fangen wir an.<br \/>\nMeinen Fehler bitte nicht nachmachen: ich habe auf Papier gearbeitet.<br \/>\nNimm ein Plastikm\u00e4ppchen, das ist wesentlich cleverer.<br \/>\nSchwarzes WePAM ist meine Basis, darauf ein plattgedr\u00fccktes Kugelchen gelb und die Pupille nat\u00fcrlich, die soll auch schwarz sein.<\/p>\n<p><img decoding=\"async\" src=\"https:\/\/tumana.how\/wp-content\/uploads\/2015\/wepam\/drachenauge\/wepam_drachenauge-modellieren_1.jpg\" alt=\"wir modellieren ein Drachenauge mit WePAM. Anleitung von Tumana\" \/><\/p>\n<p>Das Glasnugget draufdr\u00fccken.<\/p>\n<p><img decoding=\"async\" src=\"https:\/\/tumana.how\/wp-content\/uploads\/2015\/wepam\/drachenauge\/wepam_drachenauge-modellieren_2.jpg\" alt=\"wir modellieren ein Drachenauge mit WePAM. Anleitung von Tumana\" \/><\/p>\n<p>Und jetzt schnell schnell schwarze Kugelchen draufpappen! Achte darauf, dass Du das Glasnugget gut einpackst damit!<br \/>\nSonst f\u00e4llt&#8217;s pl\u00f6tzlich ab und das w\u00e4re schade drum.<\/p>\n<p><img decoding=\"async\" src=\"https:\/\/tumana.how\/wp-content\/uploads\/2015\/wepam\/drachenauge\/wepam_drachenauge-modellieren_3.jpg\" alt=\"wir modellieren ein Drachenauge mit WePAM. Anleitung von Tumana\" \/><\/p>\n<p>Solange das WePAM noch nicht trocken ist, mit silberfarbenem Pigmentp\u00fclverchen einpinseln.<br \/>\nWenn Du das Glasnugget triffst, macht das nichts. Das machen wir eh noch sauber gaaaaaaaaaaaaanz am Schluss.<br \/>\nDas wars schon \ud83d\ude00 ausser: trocknen muss es noch.<\/p>\n<p><img decoding=\"async\" src=\"https:\/\/tumana.how\/wp-content\/uploads\/2015\/wepam\/drachenauge\/wepam_drachenauge-modellieren_4.jpg\" alt=\"wir modellieren ein Drachenauge mit WePAM. Anleitung von Tumana\" \/><\/p>\n<p>Etwas &#8222;drachiger&#8220; in rot-gelb? Mit einer etwas andern Pupille?<br \/>\nAber ja doch!<\/p>\n<p><img decoding=\"async\" src=\"https:\/\/tumana.how\/wp-content\/uploads\/2015\/wepam\/drachenauge\/wepam_drachenauge-modellieren_5.jpg\" alt=\"wir modellieren ein Drachenauge mit WePAM. Anleitung von Tumana\" \/><\/p>\n<p>Glasnugget drauf&#8230;<\/p>\n<p><img decoding=\"async\" src=\"https:\/\/tumana.how\/wp-content\/uploads\/2015\/wepam\/drachenauge\/wepam_drachenauge-modellieren_6.jpg\" alt=\"wir modellieren ein Drachenauge mit WePAM. Anleitung von Tumana\" \/><\/p>\n<p>&#8230;schwarze Kugelchen draufpappen und jetzt kommt der kaputte Zahnstocher zum Einsatz: mit der abgebrochenen, unebenen Stelle reinstupsen und so Struktur geben.<\/p>\n<p><img decoding=\"async\" src=\"https:\/\/tumana.how\/wp-content\/uploads\/2015\/wepam\/drachenauge\/wepam_drachenauge-modellieren_7.jpg\" alt=\"wir modellieren ein Drachenauge mit WePAM. Anleitung von Tumana\" \/><\/p>\n<p>Ob Du vorher oder nachher P\u00fclverchen drauftust? Probier&#8217;s aus! Der Effekt variiert aber das wirst Du sehen, hihi! Bissel Experimentierfreude steckt mit Sicherheit in Dir!<br \/>\nInteressante Struktur, gell?<\/p>\n<p><img decoding=\"async\" src=\"https:\/\/tumana.how\/wp-content\/uploads\/2015\/wepam\/drachenauge\/wepam_drachenauge-modellieren_8.jpg\" alt=\"wir modellieren ein Drachenauge mit WePAM. Anleitung von Tumana\" \/><\/p>\n<p>Es ist auch spannend in den Variationen ob Du viel oder nur ganz wenig P\u00fclverchen draufmachst.<\/p>\n<p>Ein drittes Auge in rot-blau &#8211; auch mit den Farben spielen macht Spass!<\/p>\n<p><img decoding=\"async\" src=\"https:\/\/tumana.how\/wp-content\/uploads\/2015\/wepam\/drachenauge\/wepam_drachenauge-modellieren_9.jpg\" alt=\"wir modellieren ein Drachenauge mit WePAM. Anleitung von Tumana\" \/><\/p>\n<p>Tja. WePAM schrumpft bissel.<br \/>\nDas heisst f\u00fcr uns und f\u00fcr die Drachenaugen dass wir mehr! Kugelchen brauchen. Weil jedes einzelne Kugelchen schrumpft nat\u00fcrlich, gerade wenn sie nicht mittels Struktur ineinander&#8220;gemischt&#8220; wurden.<br \/>\nUnd das sieht dann so aus:<\/p>\n<p><img decoding=\"async\" src=\"https:\/\/tumana.how\/wp-content\/uploads\/2015\/wepam\/drachenauge\/wepam_drachenauge-modellieren_10.jpg\" alt=\"wir modellieren ein Drachenauge mit WePAM. Anleitung von Tumana\" \/><\/p>\n<p>Mein Drache hat L\u00f6cher im Pelz!<\/p>\n<p><img decoding=\"async\" src=\"https:\/\/tumana.how\/wp-content\/uploads\/2015\/wepam\/drachenauge\/wepam_drachenauge-modellieren_11.jpg\" alt=\"wir modellieren ein Drachenauge mit WePAM. Anleitung von Tumana\" \/><\/p>\n<p>Und auch das mit auf Papier arbeiten muss ich endg\u00fcltig ablegen.<br \/>\nDas pappt fest und im Wasser einlegen geht ja schlecht \ud83d\ude09<\/p>\n<p><img decoding=\"async\" src=\"https:\/\/tumana.how\/wp-content\/uploads\/2015\/wepam\/drachenauge\/wepam_drachenauge-modellieren_12.jpg\" alt=\"wir modellieren ein Drachenauge mit WePAM. Anleitung von Tumana\" \/><\/p>\n<p>Und bitte gut drauf achten, dass die Kugelchen aneinanderpappen. Guck mal, bissel gespalten:<\/p>\n<p><img decoding=\"async\" src=\"https:\/\/tumana.how\/wp-content\/uploads\/2015\/wepam\/drachenauge\/wepam_drachenauge-modellieren_13.jpg\" alt=\"wir modellieren ein Drachenauge mit WePAM. Anleitung von Tumana\" \/><\/p>\n<p>Und eine Schuppenkugel ist auch abgefallen.<br \/>\nBeim n\u00e4chsten Mal wissen wir Bescheid, gell.<\/p>\n<p><img decoding=\"async\" src=\"https:\/\/tumana.how\/wp-content\/uploads\/2015\/wepam\/drachenauge\/wepam_drachenauge-modellieren_14.jpg\" alt=\"wir modellieren ein Drachenauge mit WePAM. Anleitung von Tumana\" \/><\/p>\n<p>A propos Bescheid wissen: hast es schon geahnt, gell&#8230; Hundebaby pennt. Mmmhm, Hundebabies m\u00fcssen viel, viel schlafen, idealerweise in meinen Armen *seufz*<\/p>\n<p><img decoding=\"async\" src=\"https:\/\/tumana.how\/wp-content\/uploads\/2015\/wepam\/drachenauge\/drachenbaby.jpg\" alt=\"DSH Baby Bambam\" \/><\/p>\n<p>Keine Angst, die Drachenaugen wandern nicht in den M\u00fcll. Da machen wir ganz ganz tolle <a href=\"https:\/\/tumana.how\/?page_id=55\" target=\"_blank\">Medaillons<\/a> draus!<br \/>\nManchmal inspiriert etwas nicht ganz Gelungenes zu etwas v\u00f6llig Neuem. So bin ich auch \u00fcber Misserfolge nie so wirklich traurig.<br \/>\nViel Spass beim schuppen und modellieren,<br \/>\nliebe Gr\u00fcsse,<br \/>\nEure Tumana<\/p>\n","protected":false},"excerpt":{"rendered":"<p>Ein schuppiges Drachenauge modellieren geht ganz leicht und zackig schnell. Du brauchst nebst WePAM auch noch ein Glasnugget, einen kaputten Zahnstocher und Metallicp\u00fclverchen. Das kann auch Lidschatten sein oder eine feingeriebene Bleistiftmine &#8211; zur Not geht das auch. Fangen wir an. Meinen Fehler bitte nicht nachmachen: ich habe auf Papier gearbeitet. Nimm ein Plastikm\u00e4ppchen, das &hellip; <a href=\"https:\/\/tumana.how\/?page_id=51\" class=\"more-link\"><span class=\"screen-reader-text\">\u201eWePAM Drachenauge\u201c <\/span>weiterlesen<\/a><\/p>\n","protected":false},"author":2,"featured_media":0,"parent":32,"menu_order":0,"comment_status":"closed","ping_status":"closed","template":"","meta":{"footnotes":""},"class_list":["post-51","page","type-page","status-publish","hentry"],"_links":{"self":[{"href":"https:\/\/tumana.how\/index.php?rest_route=\/wp\/v2\/pages\/51","targetHints":{"allow":["GET"]}}],"collection":[{"href":"https:\/\/tumana.how\/index.php?rest_route=\/wp\/v2\/pages"}],"about":[{"href":"https:\/\/tumana.how\/index.php?rest_route=\/wp\/v2\/types\/page"}],"author":[{"embeddable":true,"href":"https:\/\/tumana.how\/index.php?rest_route=\/wp\/v2\/users\/2"}],"replies":[{"embeddable":true,"href":"https:\/\/tumana.how\/index.php?rest_route=%2Fwp%2Fv2%2Fcomments&post=51"}],"version-history":[{"count":2,"href":"https:\/\/tumana.how\/index.php?rest_route=\/wp\/v2\/pages\/51\/revisions"}],"predecessor-version":[{"id":58,"href":"https:\/\/tumana.how\/index.php?rest_route=\/wp\/v2\/pages\/51\/revisions\/58"}],"up":[{"embeddable":true,"href":"https:\/\/tumana.how\/index.php?rest_route=\/wp\/v2\/pages\/32"}],"wp:attachment":[{"href":"https:\/\/tumana.how\/index.php?rest_route=%2Fwp%2Fv2%2Fmedia&parent=51"}],"curies":[{"name":"wp","href":"https:\/\/api.w.org\/{rel}","templated":true}]}}