{"id":55,"date":"2016-01-03T10:35:20","date_gmt":"2016-01-03T10:35:20","guid":{"rendered":"http:\/\/tumana.how\/?page_id=55"},"modified":"2016-01-03T10:35:20","modified_gmt":"2016-01-03T10:35:20","slug":"wepam-gluecksmedaillon","status":"publish","type":"page","link":"https:\/\/tumana.how\/?page_id=55","title":{"rendered":"WePAM Gl\u00fccksmedaillon"},"content":{"rendered":"<p>Tadaaaaaa, wir brauchen runde Ausstecherchen, das <a href=\"https:\/\/tumana.how\/?page_id=51\" target=\"_blank\">Drachemauge<\/a> und die <a href=\"https:\/\/tumana.how\/?page_id=53\" target=\"_blank\">bestempelten Teilchen<\/a>.<\/p>\n<p><img decoding=\"async\" src=\"https:\/\/tumana.how\/wp-content\/uploads\/2015\/wepam\/medaillon\/wepam_medaillon_1.jpg\" alt=\"wir werkeln uns ein traumhaft sch\u00f6nes Gl\u00fccksmedaillon aus WePAM! Anleitung von Tumana\" \/><\/p>\n<p>Schwarzes WePAM plattmachen und ausstechen. Ja das passt so:<\/p>\n<p><img decoding=\"async\" src=\"https:\/\/tumana.how\/wp-content\/uploads\/2015\/wepam\/medaillon\/wepam_medaillon_2.jpg\" alt=\"wir werkeln uns ein traumhaft sch\u00f6nes Gl\u00fccksmedaillon aus WePAM! Anleitung von Tumana\" \/><\/p>\n<p>Bereits getrocknetes WePAM pappt nicht auf Frischem, da muss ein wenig Leim drauf.<br \/>\nAlso schmiere ich das bestempelte WePAM und die Drachenaugen jeweils auf der R\u00fcckseite mit Leim ein:<\/p>\n<p><img decoding=\"async\" src=\"https:\/\/tumana.how\/wp-content\/uploads\/2015\/wepam\/medaillon\/wepam_medaillon_3.jpg\" alt=\"wir werkeln uns ein traumhaft sch\u00f6nes Gl\u00fccksmedaillon aus WePAM! Anleitung von Tumana\" \/><\/p>\n<p>Auf die R\u00fcckseite vom bestempelten WePAM kommt Frisches, darauf lege ich gleich Baumwollgarn. Ich will das Dings ja aufh\u00e4ngen k\u00f6nnen.<\/p>\n<p><img decoding=\"async\" src=\"https:\/\/tumana.how\/wp-content\/uploads\/2015\/wepam\/medaillon\/wepam_medaillon_4.jpg\" alt=\"wir werkeln uns ein traumhaft sch\u00f6nes Gl\u00fccksmedaillon aus WePAM! Anleitung von Tumana\" \/><\/p>\n<p>Auf das Garn gleich noch ein St\u00fcck frisches WePAM:<\/p>\n<p><img decoding=\"async\" src=\"https:\/\/tumana.how\/wp-content\/uploads\/2015\/wepam\/medaillon\/wepam_medaillon_5.jpg\" alt=\"wir werkeln uns ein traumhaft sch\u00f6nes Gl\u00fccksmedaillon aus WePAM! Anleitung von Tumana\" \/><\/p>\n<p>Da oben drauf kommt dann das mit Leim beschmierte Drachenauge.<br \/>\nRundherum am Rand wirst Du feststellen dass es (nat\u00fcrlich) L\u00fccken hat.<br \/>\nIn diese L\u00fccken stopfe ich kleine WePAM Kugelchen, im Zweifel noch etwas Leim drauf, nicht dass sie abfallen.<br \/>\nSilberfarbenes Pigmentp\u00fclverchen draufpinseln, bissel strukturieren und das St\u00fcck ist fertig zum durchtrocknen.<\/p>\n<p><img decoding=\"async\" src=\"https:\/\/tumana.how\/wp-content\/uploads\/2015\/wepam\/medaillon\/wepam_medaillon_6.jpg\" alt=\"wir werkeln uns ein traumhaft sch\u00f6nes Gl\u00fccksmedaillon aus WePAM! Anleitung von Tumana\" \/><\/p>\n<p>Wenn&#8217;s durchjgetrocknet ist, kurz testen wie es so h\u00e4lt mit dem Leim und falls n\u00f6tig, nachleimen.<br \/>\nBei meinen Medaillons ist alles prima, so schrubble ich noch ein wenig mit einem Papier dr\u00fcber, das l\u00e4sst es nochmal anders aussehen (weil man ja P\u00fclverchen mit abschrubbelt).<br \/>\nDas Glasnugget gut putzen, ich nehme dazu ein leicht angefeuchtetes Ohrenwattest\u00e4bchen.<br \/>\nFalls Du m\u00f6chtest, kannst Du das Teilchen jetzt lackieren.<\/p>\n<p><img decoding=\"async\" src=\"https:\/\/tumana.how\/wp-content\/uploads\/2015\/wepam\/medaillon\/wepam_medaillon_7.jpg\" alt=\"wir werkeln uns ein traumhaft sch\u00f6nes Gl\u00fccksmedaillon aus WePAM! Anleitung von Tumana\" \/><\/p>\n<p>Dann wird&#8217;s verziert.<br \/>\nIch pappe Federn und Perlen dran:<\/p>\n<p><img decoding=\"async\" src=\"https:\/\/tumana.how\/wp-content\/uploads\/2015\/wepam\/medaillon\/wepam_medaillon_8.jpg\" alt=\"wir werkeln uns ein traumhaft sch\u00f6nes Gl\u00fccksmedaillon aus WePAM! Anleitung von Tumana\" \/><\/p>\n<p>Es ist an sich wirklich ein simples Ding &#8211; und sieht so auff\u00e4llig und einzigartig aus!<\/p>\n<p><img decoding=\"async\" src=\"https:\/\/tumana.how\/wp-content\/uploads\/2015\/wepam\/medaillon\/wepam_medaillon_9.jpg\" alt=\"wir werkeln uns ein traumhaft sch\u00f6nes Gl\u00fccksmedaillon aus WePAM! Anleitung von Tumana\" \/><\/p>\n<p>Das Drachenauge kommt richtig gut zur Geltung!<\/p>\n<p><img decoding=\"async\" src=\"https:\/\/tumana.how\/wp-content\/uploads\/2015\/wepam\/medaillon\/wepam_medaillon_10.jpg\" alt=\"wir werkeln uns ein traumhaft sch\u00f6nes Gl\u00fccksmedaillon aus WePAM! Anleitung von Tumana\" \/><\/p>\n<p>Warum ich ein &#8222;L&#8220; gew\u00e4hlt habe f\u00fcr die R\u00fcckseite?<br \/>\nGanz einfach:<\/p>\n<p><img decoding=\"async\" src=\"https:\/\/tumana.how\/wp-content\/uploads\/2015\/wepam\/medaillon\/wepam_medaillon_11.jpg\" alt=\"wir werkeln uns ein traumhaft sch\u00f6nes Gl\u00fccksmedaillon aus WePAM! Anleitung von Tumana\" \/><\/p>\n<p>Es wird mit einer Karte verschenkt, die den Schriftzug<br \/>\n&#8222;Lache! Lebe! Liebe!&#8220;<br \/>\ntr\u00e4gt.<\/p>\n<p><img decoding=\"async\" src=\"https:\/\/tumana.how\/wp-content\/uploads\/2015\/wepam\/medaillon\/wepam_medaillon_12.jpg\" alt=\"wir werkeln uns ein traumhaft sch\u00f6nes Gl\u00fccksmedaillon aus WePAM! Anleitung von Tumana\" \/><\/p>\n<p>A propos L wie Leben:<br \/>\n<em>Mein<\/em> Leben dreht sich aktuell grad haupts\u00e4chlich um das Baby hier.<br \/>\nSie ist ein ganz ganz tolles M\u00e4del! Und wenn sie pennt, sogar ein ruhiges WePAM-Model, gniiihihihihihiiiii!<\/p>\n<p><img decoding=\"async\" src=\"https:\/\/tumana.how\/wp-content\/uploads\/2015\/wepam\/medaillon\/umwerfend.jpg\" alt=\"mein Hundebaby\" \/><\/p>\n<p>Ich hoffe ich konnte Dich bissel anstecken mit Gl\u00fccksbringer werkeln. Sie eignen sich auch sehr gut als Geschenkanh\u00e4nger, so bekommt ein P\u00e4ckli noch Extra-Aufmerksamkeit.<br \/>\nViel Spass beim kreativeln,<br \/>\nliebe Gr\u00fcsse,<br \/>\nEure Tumana<\/p>\n","protected":false},"excerpt":{"rendered":"<p>Tadaaaaaa, wir brauchen runde Ausstecherchen, das Drachemauge und die bestempelten Teilchen. Schwarzes WePAM plattmachen und ausstechen. Ja das passt so: Bereits getrocknetes WePAM pappt nicht auf Frischem, da muss ein wenig Leim drauf. Also schmiere ich das bestempelte WePAM und die Drachenaugen jeweils auf der R\u00fcckseite mit Leim ein: Auf die R\u00fcckseite vom bestempelten WePAM &hellip; <a href=\"https:\/\/tumana.how\/?page_id=55\" class=\"more-link\"><span class=\"screen-reader-text\">\u201eWePAM Gl\u00fccksmedaillon\u201c <\/span>weiterlesen<\/a><\/p>\n","protected":false},"author":2,"featured_media":0,"parent":32,"menu_order":0,"comment_status":"closed","ping_status":"closed","template":"","meta":{"footnotes":""},"class_list":["post-55","page","type-page","status-publish","hentry"],"_links":{"self":[{"href":"https:\/\/tumana.how\/index.php?rest_route=\/wp\/v2\/pages\/55","targetHints":{"allow":["GET"]}}],"collection":[{"href":"https:\/\/tumana.how\/index.php?rest_route=\/wp\/v2\/pages"}],"about":[{"href":"https:\/\/tumana.how\/index.php?rest_route=\/wp\/v2\/types\/page"}],"author":[{"embeddable":true,"href":"https:\/\/tumana.how\/index.php?rest_route=\/wp\/v2\/users\/2"}],"replies":[{"embeddable":true,"href":"https:\/\/tumana.how\/index.php?rest_route=%2Fwp%2Fv2%2Fcomments&post=55"}],"version-history":[{"count":1,"href":"https:\/\/tumana.how\/index.php?rest_route=\/wp\/v2\/pages\/55\/revisions"}],"predecessor-version":[{"id":56,"href":"https:\/\/tumana.how\/index.php?rest_route=\/wp\/v2\/pages\/55\/revisions\/56"}],"up":[{"embeddable":true,"href":"https:\/\/tumana.how\/index.php?rest_route=\/wp\/v2\/pages\/32"}],"wp:attachment":[{"href":"https:\/\/tumana.how\/index.php?rest_route=%2Fwp%2Fv2%2Fmedia&parent=55"}],"curies":[{"name":"wp","href":"https:\/\/api.w.org\/{rel}","templated":true}]}}