{"id":62,"date":"2016-01-03T10:43:16","date_gmt":"2016-01-03T10:43:16","guid":{"rendered":"http:\/\/tumana.how\/?page_id=62"},"modified":"2016-01-03T11:00:49","modified_gmt":"2016-01-03T11:00:49","slug":"filligrane-federn","status":"publish","type":"page","link":"https:\/\/tumana.how\/?page_id=62","title":{"rendered":"Filligrane Federn modellieren"},"content":{"rendered":"<p>Manchmal geht&#8217;s, manchmal geht&#8217;s nicht.<br \/>\nIch habe hier beide Varianten f\u00fcr Dich \ud83d\ude00<\/p>\n<p><strong><a href=\"https:\/\/tumana.how\/?page_id=64\" target=\"_blank\">Filligrane Feder: erster Versuch (nicht sehr erfolgreich)<\/a><\/strong><\/p>\n<p><a href=\"https:\/\/tumana.how\/?page_id=64\" target=\"_blank\"><img decoding=\"async\" src=\"https:\/\/tumana.how\/wp-content\/uploads\/2015\/wepam\/feder1-2\/wepam-federn_so-nicht_7.jpg\" alt=\"filligrane Feder, nicht sehr erfolgreich. Wie man es nicht machen sollte - von Tumana\" \/><\/a><\/p>\n<p><strong><a href=\"https:\/\/tumana.how\/?page_id=66\" target=\"_blank\">Filligrane Feder: jetzt aber!<\/a><\/strong><\/p>\n<p><a href=\"https:\/\/tumana.how\/?page_id=66\" target=\"_blank\"><img decoding=\"async\" src=\"https:\/\/tumana.how\/wp-content\/uploads\/2015\/wepam\/feder3\/wepam-feder-modellieren_10.jpg\" alt=\"Anleitung von Tumana: filligrane Feder modellieren mit WePAM\" \/><\/a><\/p>\n<p>Viel Amusement w\u00fcnsche ich Dir, ich hoffe nat\u00fcrlich, Du kannst auch lachen \u00fcber Missgeschicke \ud83d\ude00<br \/>\nLiebe Gr\u00fcsse,<br \/>\nEure Tumana<\/p>\n","protected":false},"excerpt":{"rendered":"<p>Manchmal geht&#8217;s, manchmal geht&#8217;s nicht. Ich habe hier beide Varianten f\u00fcr Dich \ud83d\ude00 Filligrane Feder: erster Versuch (nicht sehr erfolgreich) Filligrane Feder: jetzt aber! Viel Amusement w\u00fcnsche ich Dir, ich hoffe nat\u00fcrlich, Du kannst auch lachen \u00fcber Missgeschicke \ud83d\ude00 Liebe Gr\u00fcsse, Eure Tumana<\/p>\n","protected":false},"author":2,"featured_media":0,"parent":32,"menu_order":0,"comment_status":"closed","ping_status":"closed","template":"","meta":{"footnotes":""},"class_list":["post-62","page","type-page","status-publish","hentry"],"_links":{"self":[{"href":"https:\/\/tumana.how\/index.php?rest_route=\/wp\/v2\/pages\/62","targetHints":{"allow":["GET"]}}],"collection":[{"href":"https:\/\/tumana.how\/index.php?rest_route=\/wp\/v2\/pages"}],"about":[{"href":"https:\/\/tumana.how\/index.php?rest_route=\/wp\/v2\/types\/page"}],"author":[{"embeddable":true,"href":"https:\/\/tumana.how\/index.php?rest_route=\/wp\/v2\/users\/2"}],"replies":[{"embeddable":true,"href":"https:\/\/tumana.how\/index.php?rest_route=%2Fwp%2Fv2%2Fcomments&post=62"}],"version-history":[{"count":3,"href":"https:\/\/tumana.how\/index.php?rest_route=\/wp\/v2\/pages\/62\/revisions"}],"predecessor-version":[{"id":72,"href":"https:\/\/tumana.how\/index.php?rest_route=\/wp\/v2\/pages\/62\/revisions\/72"}],"up":[{"embeddable":true,"href":"https:\/\/tumana.how\/index.php?rest_route=\/wp\/v2\/pages\/32"}],"wp:attachment":[{"href":"https:\/\/tumana.how\/index.php?rest_route=%2Fwp%2Fv2%2Fmedia&parent=62"}],"curies":[{"name":"wp","href":"https:\/\/api.w.org\/{rel}","templated":true}]}}