{"id":64,"date":"2016-01-03T10:48:51","date_gmt":"2016-01-03T10:48:51","guid":{"rendered":"http:\/\/tumana.how\/?page_id=64"},"modified":"2016-01-03T10:58:13","modified_gmt":"2016-01-03T10:58:13","slug":"feder-erster-versuch","status":"publish","type":"page","link":"https:\/\/tumana.how\/?page_id=64","title":{"rendered":"Feder: erster Versuch"},"content":{"rendered":"<p>Leben heisst lernen, nicht?<br \/>\nEben.<br \/>\nLernen wir! *grins*<\/p>\n<p>Das ist meine Grundform WePAM, liegt auf Backpapier.<\/p>\n<p><img decoding=\"async\" src=\"https:\/\/tumana.how\/wp-content\/uploads\/2015\/wepam\/feder1-2\/wepam-federn_so-nicht_1.jpg\" alt=\"filligrane Feder, nicht sehr erfolgreich. Wie man es nicht machen sollte - von Tumana\" \/><\/p>\n<p>Zweites St\u00fcckchen Backpapier drauflegen und das W\u00fcrstchen plattmachen.<\/p>\n<p><img decoding=\"async\" src=\"https:\/\/tumana.how\/wp-content\/uploads\/2015\/wepam\/feder1-2\/wepam-federn_so-nicht_2.jpg\" alt=\"filligrane Feder, nicht sehr erfolgreich. Wie man es nicht machen sollte - von Tumana\" \/><\/p>\n<p>Noch platter! Mit einem stabilen Suppenl\u00f6ffel geht das recht gut.<\/p>\n<p><img decoding=\"async\" src=\"https:\/\/tumana.how\/wp-content\/uploads\/2015\/wepam\/feder1-2\/wepam-federn_so-nicht_3.jpg\" alt=\"filligrane Feder, nicht sehr erfolgreich. Wie man es nicht machen sollte - von Tumana\" \/><\/p>\n<p>Die Backpapierst\u00fcckchen auseinanderziehen.<br \/>\nWenn an beiden WeAPM klebt dann ist das ok, mach Dir da keine Gedanken.<\/p>\n<p><img decoding=\"async\" src=\"https:\/\/tumana.how\/wp-content\/uploads\/2015\/wepam\/feder1-2\/wepam-federn_so-nicht_4.jpg\" alt=\"filligrane Feder, nicht sehr erfolgreich. Wie man es nicht machen sollte - von Tumana\" \/><\/p>\n<p>Jetzt bringen wir das Federchen in Form.<br \/>\nIch beginne immer mit dem STrich in der Mitte, der gibt die Form bissel vor und arbeite dann von Unten nach Oben, von Innen nach AUssen Struktur geben.<\/p>\n<p><img decoding=\"async\" src=\"https:\/\/tumana.how\/wp-content\/uploads\/2015\/wepam\/feder1-2\/wepam-federn_so-nicht_5.jpg\" alt=\"filligrane Feder, nicht sehr erfolgreich. Wie man es nicht machen sollte - von Tumana\" \/><\/p>\n<p>Auf beiden Seiten nat\u00fcrlich \ud83d\ude42<br \/>\nIch fransel das Federchen auch bissel aus und gebe ihm die Form die ich will. Das mache ich alles mit einem Modelliertool, einem Zahnstocher zum Beispiel. Probier aus was Dir liegt &#8211; und was Du gerade zur Verf\u00fcgung hast.<\/p>\n<p><img decoding=\"async\" src=\"https:\/\/tumana.how\/wp-content\/uploads\/2015\/wepam\/feder1-2\/wepam-federn_so-nicht_6.jpg\" alt=\"filligrane Feder, nicht sehr erfolgreich. Wie man es nicht machen sollte - von Tumana\" \/><\/p>\n<p>Das Federchen durfte trocknen und was sag ich&#8230; es klebt bissel am Backpapier.<\/p>\n<p><img decoding=\"async\" src=\"https:\/\/tumana.how\/wp-content\/uploads\/2015\/wepam\/feder1-2\/wepam-federn_so-nicht_7.jpg\" alt=\"filligrane Feder, nicht sehr erfolgreich. Wie man es nicht machen sollte - von Tumana\" \/><\/p>\n<p>Schau, man sieht&#8217;s auch auf dem St\u00fcck Backpapier selber. Keine gute Idee das war.<br \/>\nIns Wasser legen und warten bis sich das Papier aufl\u00f6st geht nicht &#8211; WePAM ist nicht wasserfest und l\u00f6st sich irgendwann auch auf. *grmpf*<\/p>\n<p><img decoding=\"async\" src=\"https:\/\/tumana.how\/wp-content\/uploads\/2015\/wepam\/feder1-2\/wepam-federn_so-nicht_8.jpg\" alt=\"filligrane Feder, nicht sehr erfolgreich. Wie man es nicht machen sollte - von Tumana\" \/><\/p>\n<p>Das zweite Federchen habe ich auf einem St\u00fcck Papier gemacht, ganz normale Notizzettel.<br \/>\nAuch nicht clever.<\/p>\n<p><img decoding=\"async\" src=\"https:\/\/tumana.how\/wp-content\/uploads\/2015\/wepam\/feder1-2\/wepam-federn_so-nicht_9.jpg\" alt=\"filligrane Feder, nicht sehr erfolgreich. Wie man es nicht machen sollte - von Tumana\" \/><\/p>\n<p>Gar nicht clever.<br \/>\nAber wie das geht mit der Feder hast gesehen, gell?<\/p>\n<p><img decoding=\"async\" src=\"https:\/\/tumana.how\/wp-content\/uploads\/2015\/wepam\/feder1-2\/wepam-federn_so-nicht_10.jpg\" alt=\"filligrane Feder, nicht sehr erfolgreich. Wie man es nicht machen sollte - von Tumana\" \/><\/p>\n<p>Von Hinten ist es auch nicht besser.<br \/>\nHmpf.<br \/>\nSei mit mir auf den n\u00e4chsten Versuch gespannt und schau einfach immer mal wieder auf die Startseite &#8211; da findet sich immer mehr. Mehr Gelungenes und mit Sicherheit auch noch mehr Unf\u00e4lle, hihi!<\/p>\n<p><img decoding=\"async\" src=\"https:\/\/tumana.how\/wp-content\/uploads\/2015\/wepam\/feder1-2\/wepam-federn_so-nicht_11.jpg\" alt=\"filligrane Feder, nicht sehr erfolgreich. Wie man es nicht machen sollte - von Tumana\" \/><\/p>\n<p>A propos gelungen: das ist sie, meine kleine Bambam-Maus.<br \/>\nTotal m\u00fcde vom spielen mit dem Hundekumpel<\/p>\n<p><img decoding=\"async\" src=\"https:\/\/tumana.how\/wp-content\/uploads\/2015\/wepam\/feder1-2\/schlafender-hund.jpg\" alt=\"schlafende Hunde wecken ist nicht immer ganz so einfach\" \/><\/p>\n<p>Nicht! verzweifeln.<br \/>\nEs ist \u00e4rgerlich wenn&#8217;s nicht klappt, das stimmt.<br \/>\nDie Federn schmeisse ich nicht weg, ich klebe sie einfach auf farblich passende Karten *kicher*<br \/>\nWird kein Mensch bemerken dass es nicht 100% gelungen ist.<br \/>\nLeben heisst lernen und Frechheit siegt!<br \/>\nLiebe Gr\u00fcsse,<br \/>\nEure Tumana<\/p>\n","protected":false},"excerpt":{"rendered":"<p>Leben heisst lernen, nicht? Eben. Lernen wir! *grins* Das ist meine Grundform WePAM, liegt auf Backpapier. Zweites St\u00fcckchen Backpapier drauflegen und das W\u00fcrstchen plattmachen. Noch platter! Mit einem stabilen Suppenl\u00f6ffel geht das recht gut. Die Backpapierst\u00fcckchen auseinanderziehen. Wenn an beiden WeAPM klebt dann ist das ok, mach Dir da keine Gedanken. Jetzt bringen wir das &hellip; <a href=\"https:\/\/tumana.how\/?page_id=64\" class=\"more-link\"><span class=\"screen-reader-text\">\u201eFeder: erster Versuch\u201c <\/span>weiterlesen<\/a><\/p>\n","protected":false},"author":2,"featured_media":0,"parent":62,"menu_order":0,"comment_status":"closed","ping_status":"closed","template":"","meta":{"footnotes":""},"class_list":["post-64","page","type-page","status-publish","hentry"],"_links":{"self":[{"href":"https:\/\/tumana.how\/index.php?rest_route=\/wp\/v2\/pages\/64","targetHints":{"allow":["GET"]}}],"collection":[{"href":"https:\/\/tumana.how\/index.php?rest_route=\/wp\/v2\/pages"}],"about":[{"href":"https:\/\/tumana.how\/index.php?rest_route=\/wp\/v2\/types\/page"}],"author":[{"embeddable":true,"href":"https:\/\/tumana.how\/index.php?rest_route=\/wp\/v2\/users\/2"}],"replies":[{"embeddable":true,"href":"https:\/\/tumana.how\/index.php?rest_route=%2Fwp%2Fv2%2Fcomments&post=64"}],"version-history":[{"count":1,"href":"https:\/\/tumana.how\/index.php?rest_route=\/wp\/v2\/pages\/64\/revisions"}],"predecessor-version":[{"id":65,"href":"https:\/\/tumana.how\/index.php?rest_route=\/wp\/v2\/pages\/64\/revisions\/65"}],"up":[{"embeddable":true,"href":"https:\/\/tumana.how\/index.php?rest_route=\/wp\/v2\/pages\/62"}],"wp:attachment":[{"href":"https:\/\/tumana.how\/index.php?rest_route=%2Fwp%2Fv2%2Fmedia&parent=64"}],"curies":[{"name":"wp","href":"https:\/\/api.w.org\/{rel}","templated":true}]}}