{"id":66,"date":"2016-01-03T10:57:42","date_gmt":"2016-01-03T10:57:42","guid":{"rendered":"http:\/\/tumana.how\/?page_id=66"},"modified":"2016-01-03T10:57:42","modified_gmt":"2016-01-03T10:57:42","slug":"feder-jetzt-aber","status":"publish","type":"page","link":"https:\/\/tumana.how\/?page_id=66","title":{"rendered":"Feder: jetzt aber!"},"content":{"rendered":"<p>So. Aus <a href=\"https:\/\/tumana.how\/?page_id=64\" target=\"_blank\">Fehlern<\/a> lernt man \ud83d\ude42<br \/>\nDiesmal auf dem nicht ganz glatten Plastikm\u00e4ppchen-St\u00fcckchen, nicht auf Papier und auch nicht auf Backpapier.<br \/>\nZwischen zwei St\u00fcckchen Plastikm\u00e4ppchen mache ich ein St\u00fcckchen schwarzes WePAM platt und mit dem Suppenl\u00f6ffel dann noch platter:<\/p>\n<p><img decoding=\"async\" src=\"https:\/\/tumana.how\/wp-content\/uploads\/2015\/wepam\/feder3\/wepam-feder-modellieren_1.jpg\" alt=\"Anleitung von Tumana: filligrane Feder modellieren mit WePAM\" \/><\/p>\n<p>Struktur reinbringen mit einem Modelliertool.<\/p>\n<p><img decoding=\"async\" src=\"https:\/\/tumana.how\/wp-content\/uploads\/2015\/wepam\/feder3\/wepam-feder-modellieren_2.jpg\" alt=\"Anleitung von Tumana: filligrane Feder modellieren mit WePAM\" \/><\/p>\n<p>Ich beginne auch hier mit dem Strich in der Mitte, an dem orientiere ich mich. Und dann erst die eine Seite&#8230;<\/p>\n<p><img decoding=\"async\" src=\"https:\/\/tumana.how\/wp-content\/uploads\/2015\/wepam\/feder3\/wepam-feder-modellieren_3.jpg\" alt=\"Anleitung von Tumana: filligrane Feder modellieren mit WePAM\" \/><\/p>\n<p>&#8230;und die andere.<br \/>\nForm geben und den Federkiel platzieren.<br \/>\nJetzt darfst du trocknen, kleine Feder \ud83d\ude42<\/p>\n<p><img decoding=\"async\" src=\"https:\/\/tumana.how\/wp-content\/uploads\/2015\/wepam\/feder3\/wepam-feder-modellieren_4.jpg\" alt=\"Anleitung von Tumana: filligrane Feder modellieren mit WePAM\" \/><\/p>\n<p>Und dann&#8230;. und dann&#8230;. ich glaub&#8216; ich bin verliebt!<br \/>\nDie Feder l\u00f6st sich locker vom Plastik.<\/p>\n<p><img decoding=\"async\" src=\"https:\/\/tumana.how\/wp-content\/uploads\/2015\/wepam\/feder3\/wepam-feder-modellieren_5.jpg\" alt=\"Anleitung von Tumana: filligrane Feder modellieren mit WePAM\" \/><\/p>\n<p>Super, genau wie ich es mir vorgestellt habe!<\/p>\n<p><img decoding=\"async\" src=\"https:\/\/tumana.how\/wp-content\/uploads\/2015\/wepam\/feder3\/wepam-feder-modellieren_6.jpg\" alt=\"Anleitung von Tumana: filligrane Feder modellieren mit WePAM\" \/><\/p>\n<p>Fein, filligran, d\u00fcnn, hochflexobel, super!<\/p>\n<p><img decoding=\"async\" src=\"https:\/\/tumana.how\/wp-content\/uploads\/2015\/wepam\/feder3\/wepam-feder-modellieren_7.jpg\" alt=\"Anleitung von Tumana: filligrane Feder modellieren mit WePAM\" \/><\/p>\n<p>Ich bin happy!<\/p>\n<p><img decoding=\"async\" src=\"https:\/\/tumana.how\/wp-content\/uploads\/2015\/wepam\/feder3\/wepam-feder-modellieren_8.jpg\" alt=\"Anleitung von Tumana: filligrane Feder modellieren mit WePAM\" \/><\/p>\n<p>Federn sind nicht nur als Schmuck super, auch zum karteln und Geschenke verzieren etc. kann man sie einfach immer gebrauchen!<br \/>\nUnd jetzt k\u00f6nnen wir farblich passende, filligrane, flexible Federn machen in genau der Gr\u00f6sse, die wir wollen, juhu!<\/p>\n<p><img decoding=\"async\" src=\"https:\/\/tumana.how\/wp-content\/uploads\/2015\/wepam\/feder3\/wepam-feder-modellieren_9.jpg\" alt=\"Anleitung von Tumana: filligrane Feder modellieren mit WePAM\" \/><\/p>\n<p>Federn sind nicht nur als Schmuck super, auch zum karteln und Geschenke verzieren etc. kann man sie einfach immer gebrauchen!<br \/>\nUnd jetzt k\u00f6nnen wir farblich passende, filligrane, flexible Federn machen in genau der Gr\u00f6sse, die wir wollen, juhu!<\/p>\n<p><img decoding=\"async\" src=\"https:\/\/tumana.how\/wp-content\/uploads\/2015\/wepam\/feder3\/wepam-feder-modellieren_10.jpg\" alt=\"Anleitung von Tumana: filligrane Feder modellieren mit WePAM\" \/><\/p>\n<p>A propos geht: Geht grad nix, Baby muss schlafen!<\/p>\n<p><img decoding=\"async\" src=\"https:\/\/tumana.how\/wp-content\/uploads\/2015\/wepam\/feder3\/babyschlaeft.jpg\" alt=\"DSH Baby schl\u00e4ft\" \/><\/p>\n<p>Alles gut, ich freue mich mega!<br \/>\nDenk&#8216; dran: Plasitk!<br \/>\nNicht Papier, Plastik!<br \/>\nGefiedert-zufriedene Gr\u00fcsse,<br \/>\nEure Tumana<\/p>\n","protected":false},"excerpt":{"rendered":"<p>So. Aus Fehlern lernt man \ud83d\ude42 Diesmal auf dem nicht ganz glatten Plastikm\u00e4ppchen-St\u00fcckchen, nicht auf Papier und auch nicht auf Backpapier. Zwischen zwei St\u00fcckchen Plastikm\u00e4ppchen mache ich ein St\u00fcckchen schwarzes WePAM platt und mit dem Suppenl\u00f6ffel dann noch platter: Struktur reinbringen mit einem Modelliertool. Ich beginne auch hier mit dem Strich in der Mitte, an &hellip; <a href=\"https:\/\/tumana.how\/?page_id=66\" class=\"more-link\"><span class=\"screen-reader-text\">\u201eFeder: jetzt aber!\u201c <\/span>weiterlesen<\/a><\/p>\n","protected":false},"author":2,"featured_media":0,"parent":62,"menu_order":0,"comment_status":"closed","ping_status":"closed","template":"","meta":{"footnotes":""},"class_list":["post-66","page","type-page","status-publish","hentry"],"_links":{"self":[{"href":"https:\/\/tumana.how\/index.php?rest_route=\/wp\/v2\/pages\/66","targetHints":{"allow":["GET"]}}],"collection":[{"href":"https:\/\/tumana.how\/index.php?rest_route=\/wp\/v2\/pages"}],"about":[{"href":"https:\/\/tumana.how\/index.php?rest_route=\/wp\/v2\/types\/page"}],"author":[{"embeddable":true,"href":"https:\/\/tumana.how\/index.php?rest_route=\/wp\/v2\/users\/2"}],"replies":[{"embeddable":true,"href":"https:\/\/tumana.how\/index.php?rest_route=%2Fwp%2Fv2%2Fcomments&post=66"}],"version-history":[{"count":1,"href":"https:\/\/tumana.how\/index.php?rest_route=\/wp\/v2\/pages\/66\/revisions"}],"predecessor-version":[{"id":68,"href":"https:\/\/tumana.how\/index.php?rest_route=\/wp\/v2\/pages\/66\/revisions\/68"}],"up":[{"embeddable":true,"href":"https:\/\/tumana.how\/index.php?rest_route=\/wp\/v2\/pages\/62"}],"wp:attachment":[{"href":"https:\/\/tumana.how\/index.php?rest_route=%2Fwp%2Fv2%2Fmedia&parent=66"}],"curies":[{"name":"wp","href":"https:\/\/api.w.org\/{rel}","templated":true}]}}