{"id":76,"date":"2016-01-03T13:27:55","date_gmt":"2016-01-03T13:27:55","guid":{"rendered":"http:\/\/tumana.how\/?page_id=76"},"modified":"2016-01-03T13:27:55","modified_gmt":"2016-01-03T13:27:55","slug":"schminkpinsel-be-wepam-t","status":"publish","type":"page","link":"https:\/\/tumana.how\/?page_id=76","title":{"rendered":"Schminkpinsel be-WePAM-t"},"content":{"rendered":"<p>Es war ein mal&#8230;.<br \/>\n&#8230;klein-Tumana am shoppen, das war als ich wusste, mein WePAM ist unterwegs. In solchen Situationen sehe ich sowieso \u00fcberall tolle M\u00f6glichkeiten was man nicht alles k\u00f6nnte und t\u00e4te und w\u00fcrde&#8230; *seufz*<br \/>\nDa hockt ein Schminkpinsel vor mir im Regal und br\u00fcllt mich an&#8230; hab&#8216; ich ihn halt eingepackt!<br \/>\nUnd nun liegt er da mit einer Wurst WePAM goldfarben.<\/p>\n<p><img decoding=\"async\" src=\"https:\/\/tumana.how\/wp-content\/uploads\/2015\/wepam\/schminkpinsel\/wepam_schminkpinsel_gestempelt_1.jpg\" alt=\"einen Schminkpinsel mit WepAM aufh\u00fcbschen! Anleitung von Tumana\" \/><\/p>\n<p>Das WePAM zwischen zwei Schichten Ordnerm\u00e4ppchenfolie; ich mach&#8217;s mal platt.<br \/>\nNicht ganz soooo platt weil ich es noch bestempeln will &#8211; aber platt.<\/p>\n<p><img decoding=\"async\" src=\"https:\/\/tumana.how\/wp-content\/uploads\/2015\/wepam\/schminkpinsel\/wepam_schminkpinsel_gestempelt_2.jpg\" alt=\"einen Schminkpinsel mit WepAM aufh\u00fcbschen! Anleitung von Tumana\" \/><\/p>\n<p>Bisschen zurechtschneiden und um den Pinsel&#8230;<\/p>\n<p><img decoding=\"async\" src=\"https:\/\/tumana.how\/wp-content\/uploads\/2015\/wepam\/schminkpinsel\/wepam_schminkpinsel_gestempelt_3.jpg\" alt=\"einen Schminkpinsel mit WepAM aufh\u00fcbschen! Anleitung von Tumana\" \/><\/p>\n<p>&#8230;wickeln. Die \u00dcberg\u00e4nge werden ordentlich verschafft.<\/p>\n<p><img decoding=\"async\" src=\"https:\/\/tumana.how\/wp-content\/uploads\/2015\/wepam\/schminkpinsel\/wepam_schminkpinsel_gestempelt_4.jpg\" alt=\"einen Schminkpinsel mit WepAM aufh\u00fcbschen! Anleitung von Tumana\" \/><\/p>\n<p>Jetzt tinte ich meinen Stempel ein und zwar mit einem Stempelkissen welches wasserfest ist. Ich benutze <em>Archival Ink<\/em> von Ranger, schwarz und zwar &#8222;Jet Black&#8220;.<\/p>\n<p><img decoding=\"async\" src=\"https:\/\/tumana.how\/wp-content\/uploads\/2015\/wepam\/schminkpinsel\/wepam_schminkpinsel_gestempelt_5.jpg\" alt=\"einen Schminkpinsel mit WepAM aufh\u00fcbschen! Anleitung von Tumana\" \/><\/p>\n<p>Den eingewepamten Pinsel rolle ich nicht zu doll und nicht zu fein \u00fcber das Stempelkissen.<\/p>\n<p><img decoding=\"async\" src=\"https:\/\/tumana.how\/wp-content\/uploads\/2015\/wepam\/schminkpinsel\/wepam_schminkpinsel_gestempelt_6.jpg\" alt=\"einen Schminkpinsel mit WepAM aufh\u00fcbschen! Anleitung von Tumana\" \/><\/p>\n<p>Perfekt ist anders aber hey &#8211; das ist mein erster Pinsel mit WePAM, bissel \u00fcben muss schon sein \ud83d\ude09<br \/>\nIch will nicht dass er D\u00e4tsche kreigt beim trocknen, also h\u00e4nge ich ihn einfach an meine Lampe mit Hilfe einer Maulyklammer (ja die heissen tats\u00e4chlich so). So darf der Pinsel in Ruhe vor sich hin trocknen.<\/p>\n<p><img decoding=\"async\" src=\"https:\/\/tumana.how\/wp-content\/uploads\/2015\/wepam\/schminkpinsel\/wepam_schminkpinsel_gestempelt_7.jpg\" alt=\"einen Schminkpinsel mit WepAM aufh\u00fcbschen! Anleitung von Tumana\" \/><\/p>\n<p>Nicht perfekt, nein. Aber ich mag ihn!<\/p>\n<p><img decoding=\"async\" src=\"https:\/\/tumana.how\/wp-content\/uploads\/2015\/wepam\/schminkpinsel\/wepam_schminkpinsel_gestempelt_8.jpg\" alt=\"einen Schminkpinsel mit WepAM aufh\u00fcbschen! Anleitung von Tumana\" \/><\/p>\n<p>Experimentierfreudig wie ich bin *kicher* muss ich ausprobieren, wie das so ist mit dem Klebstofflack. Eigentlich f\u00fcr Serviettentechnik aber das passt auch prima f\u00fcr WePAM.<br \/>\nGut trocknen lassen, eine zweite Schicht dr\u00fcber &#8211; und der Klebstofflack trocknet sogar da transparent, wo ein bissel viel h\u00e4ngenbleibt weil das Gestempelte ja nicht eben ist. Braucht einfach Zeit aber die haben wir ja.<br \/>\nZum trocknen h\u00e4nge ich den Pinsel wieder auf, das funktioniert wirklich prima.<\/p>\n<p><img decoding=\"async\" src=\"https:\/\/tumana.how\/wp-content\/uploads\/2015\/wepam\/schminkpinsel\/wepam_schminkpinsel_gestempelt_9.jpg\" alt=\"einen Schminkpinsel mit WepAM aufh\u00fcbschen! Anleitung von Tumana\" \/><\/p>\n<p>Voil\u00e0, fertig!<\/p>\n<p><img decoding=\"async\" src=\"https:\/\/tumana.how\/wp-content\/uploads\/2015\/wepam\/schminkpinsel\/wepam_schminkpinsel_gestempelt_10.jpg\" alt=\"einen Schminkpinsel mit WepAM aufh\u00fcbschen! Anleitung von Tumana\" \/><\/p>\n<p>Ich mag ihn, mit ein bissel \u00dcbung wird da mal ein tolles Geschenk entstehen.<br \/>\nUnd weil das Stempelkissen wasserfest ist, k\u00f6nnen wir w\u00fcnschen ob wir lackieren oder lieber nicht.<\/p>\n<p><img decoding=\"async\" src=\"https:\/\/tumana.how\/wp-content\/uploads\/2015\/wepam\/schminkpinsel\/wepam_schminkpinsel_gestempelt_11.jpg\" alt=\"einen Schminkpinsel mit WepAM aufh\u00fcbschen! Anleitung von Tumana\" \/><\/p>\n<p>Mhmmmmm \ud83d\ude00<\/p>\n<p><img decoding=\"async\" src=\"https:\/\/tumana.how\/wp-content\/uploads\/2015\/wepam\/schminkpinsel\/wepam_schminkpinsel_gestempelt_12.jpg\" alt=\"einen Schminkpinsel mit WepAM aufh\u00fcbschen! Anleitung von Tumana\" \/><\/p>\n<p>Unperfekt aber irgendwie doch schon bissel edel.<\/p>\n<p><img decoding=\"async\" src=\"https:\/\/tumana.how\/wp-content\/uploads\/2015\/wepam\/schminkpinsel\/wepam_schminkpinsel_gestempelt_13.jpg\" alt=\"einen Schminkpinsel mit WepAM aufh\u00fcbschen! Anleitung von Tumana\" \/><\/p>\n<p>Der Lack macht sich gut.<\/p>\n<p><img decoding=\"async\" src=\"https:\/\/tumana.how\/wp-content\/uploads\/2015\/wepam\/schminkpinsel\/wepam_schminkpinsel_gestempelt_14.jpg\" alt=\"einen Schminkpinsel mit WepAM aufh\u00fcbschen! Anleitung von Tumana\" \/><\/p>\n<p>A propos macht sich gut: Baby Bambam auch!<\/p>\n<p><img decoding=\"async\" src=\"https:\/\/tumana.how\/wp-content\/uploads\/2015\/wepam\/schminkpinsel\/bambambaby.jpg\" alt=\"schlaf sch\u00f6n Hundebaby, damit du gross und stark wirst!\" \/><\/p>\n<p>Die ersten paar Pinsel mache ich f\u00fcr mich ganz allein, da d\u00fcrfen sie auch etwas unperfekt sein \ud83d\ude42<br \/>\nIch hoffe Du hast auch einfach <strong>Spass<\/strong> am werkeln und \u00fcben und ausprobieren,<br \/>\nliebe Gr\u00fcsse,<br \/>\nEure Tumana<\/p>\n","protected":false},"excerpt":{"rendered":"<p>Es war ein mal&#8230;. &#8230;klein-Tumana am shoppen, das war als ich wusste, mein WePAM ist unterwegs. In solchen Situationen sehe ich sowieso \u00fcberall tolle M\u00f6glichkeiten was man nicht alles k\u00f6nnte und t\u00e4te und w\u00fcrde&#8230; *seufz* Da hockt ein Schminkpinsel vor mir im Regal und br\u00fcllt mich an&#8230; hab&#8216; ich ihn halt eingepackt! Und nun liegt &hellip; <a href=\"https:\/\/tumana.how\/?page_id=76\" class=\"more-link\"><span class=\"screen-reader-text\">\u201eSchminkpinsel be-WePAM-t\u201c <\/span>weiterlesen<\/a><\/p>\n","protected":false},"author":2,"featured_media":0,"parent":32,"menu_order":0,"comment_status":"closed","ping_status":"closed","template":"","meta":{"footnotes":""},"class_list":["post-76","page","type-page","status-publish","hentry"],"_links":{"self":[{"href":"https:\/\/tumana.how\/index.php?rest_route=\/wp\/v2\/pages\/76","targetHints":{"allow":["GET"]}}],"collection":[{"href":"https:\/\/tumana.how\/index.php?rest_route=\/wp\/v2\/pages"}],"about":[{"href":"https:\/\/tumana.how\/index.php?rest_route=\/wp\/v2\/types\/page"}],"author":[{"embeddable":true,"href":"https:\/\/tumana.how\/index.php?rest_route=\/wp\/v2\/users\/2"}],"replies":[{"embeddable":true,"href":"https:\/\/tumana.how\/index.php?rest_route=%2Fwp%2Fv2%2Fcomments&post=76"}],"version-history":[{"count":1,"href":"https:\/\/tumana.how\/index.php?rest_route=\/wp\/v2\/pages\/76\/revisions"}],"predecessor-version":[{"id":77,"href":"https:\/\/tumana.how\/index.php?rest_route=\/wp\/v2\/pages\/76\/revisions\/77"}],"up":[{"embeddable":true,"href":"https:\/\/tumana.how\/index.php?rest_route=\/wp\/v2\/pages\/32"}],"wp:attachment":[{"href":"https:\/\/tumana.how\/index.php?rest_route=%2Fwp%2Fv2%2Fmedia&parent=76"}],"curies":[{"name":"wp","href":"https:\/\/api.w.org\/{rel}","templated":true}]}}