{"id":79,"date":"2016-01-03T14:33:52","date_gmt":"2016-01-03T14:33:52","guid":{"rendered":"http:\/\/tumana.how\/?page_id=79"},"modified":"2016-01-03T14:41:30","modified_gmt":"2016-01-03T14:41:30","slug":"testhasi-hallo-murphy","status":"publish","type":"page","link":"https:\/\/tumana.how\/?page_id=79","title":{"rendered":"Testhasi (hallo Murphy!)"},"content":{"rendered":"<p><strong>(Hallo Herr Murphy)<\/strong><br \/>\n<strong>Testhasi mit WePAM<\/strong><\/p>\n<p>Schlimme Dinge kommen auf Dich zu; wenn Du leicht Albtr\u00e4ume bekommst, klick diese Anleitung weg. Ich zeige Dir wie schnell man ganz grobe und gr\u00e4ssliche Fehler machen kann, im Handumdrehen!<\/p>\n<p>Dazu entschlossen habe ich mich, nachdem mir Murphy auf die Schulter geklopft hat und sagte &#8222;hey, beim n\u00e4chsten Mal machen wir das einfach anders, okay?&#8220; Okay Herr Murphy. Danke.<\/p>\n<p>Gute Nachrichten gibt es aber auch: WePAM Perlmutt hat einen ganz ganz tollen Mica-Shift Effekt.<br \/>\nWas das genau ist, erkl\u00e4re ich Dir noch.<\/p>\n<p>Alles beginnt ganz harmlos.<br \/>\nIch <em>muss<\/em> einfach wissen, wie sich WePAM Perlmutt so macht.<\/p>\n<p><img decoding=\"async\" src=\"https:\/\/tumana.how\/wp-content\/uploads\/2015\/wepam\/testhasi\/wepam_testhasis_hallo_murphy_1.jpg\" alt=\"wie man ein s\u00fcsses, modelliertes H\u00e4schen innert wenigen Momenten v\u00f6llig verhunzt. Anti-Anleitung von Tumana\" \/><\/p>\n<p>Du weisst ja von <a href=\"https:\/\/tumana.how\/?page_id=36\" target=\"_blank\">hier<\/a> dass WePAM klebrig ist wenn es ganz neu aus der Verpackung kommt. Also St\u00fcck rausnehmen, kneten, kneten, kneten und H\u00e4nde waschen.<br \/>\nDas kleine St\u00fcck dort das brauche ich f\u00fcr die Kleinteilchen.<\/p>\n<p><img decoding=\"async\" src=\"https:\/\/tumana.how\/wp-content\/uploads\/2015\/wepam\/testhasi\/wepam_testhasis_hallo_murphy_2.jpg\" alt=\"wie man ein s\u00fcsses, modelliertes H\u00e4schen innert wenigen Momenten v\u00f6llig verhunzt. Anti-Anleitung von Tumana\" \/><\/p>\n<p>Vom grossen St\u00fcck entstehen nacheinander&#8230;<\/p>\n<p><img decoding=\"async\" src=\"https:\/\/tumana.how\/wp-content\/uploads\/2015\/wepam\/testhasi\/wepam_testhasis_hallo_murphy_3.jpg\" alt=\"wie man ein s\u00fcsses, modelliertes H\u00e4schen innert wenigen Momenten v\u00f6llig verhunzt. Anti-Anleitung von Tumana\" \/><\/p>\n<p>&#8230;zwei ovale &#8230;Ovale? Kugeln? Weisst schon. Nicht ganz rund halt.<br \/>\nIch rolle sie in den H\u00e4nden, nach den paar Kil\u00f6chen Fimo geht das ganz gut, ist ein bissel \u00dcbungssache. Aber hey: was ich kann, kannst Du auch!<\/p>\n<p><img decoding=\"async\" src=\"https:\/\/tumana.how\/wp-content\/uploads\/2015\/wepam\/testhasi\/wepam_testhasis_hallo_murphy_4.jpg\" alt=\"wie man ein s\u00fcsses, modelliertes H\u00e4schen innert wenigen Momenten v\u00f6llig verhunzt. Anti-Anleitung von Tumana\" \/><\/p>\n<p>H\u00e4schen brauchen \u00d6hrchen!<br \/>\nDiese entstehen ganz simpel und nur angedeutet mit WePAM aus einer d\u00fcnnen, d\u00fcnnen Wurst.<\/p>\n<p><img decoding=\"async\" src=\"https:\/\/tumana.how\/wp-content\/uploads\/2015\/wepam\/testhasi\/wepam_testhasis_hallo_murphy_5.jpg\" alt=\"wie man ein s\u00fcsses, modelliertes H\u00e4schen innert wenigen Momenten v\u00f6llig verhunzt. Anti-Anleitung von Tumana\" \/><\/p>\n<p>Da wo Du die Ohren willst, <em>in der Mitte<\/em> beginnen:<\/p>\n<p><img decoding=\"async\" src=\"https:\/\/tumana.how\/wp-content\/uploads\/2015\/wepam\/testhasi\/wepam_testhasis_hallo_murphy_6.jpg\" alt=\"wie man ein s\u00fcsses, modelliertes H\u00e4schen innert wenigen Momenten v\u00f6llig verhunzt. Anti-Anleitung von Tumana\" \/><\/p>\n<p>*schwupps* nach Aussen einen Bogen legen:<\/p>\n<p><img decoding=\"async\" src=\"https:\/\/tumana.how\/wp-content\/uploads\/2015\/wepam\/testhasi\/wepam_testhasis_hallo_murphy_7.jpg\" alt=\"wie man ein s\u00fcsses, modelliertes H\u00e4schen innert wenigen Momenten v\u00f6llig verhunzt. Anti-Anleitung von Tumana\" \/><\/p>\n<p>x2 und anmodellieren.<br \/>\nEine Stricknadel (Metall) eignet sich da ganz gut.<\/p>\n<p><img decoding=\"async\" src=\"https:\/\/tumana.how\/wp-content\/uploads\/2015\/wepam\/testhasi\/wepam_testhasis_hallo_murphy_8.jpg\" alt=\"wie man ein s\u00fcsses, modelliertes H\u00e4schen innert wenigen Momenten v\u00f6llig verhunzt. Anti-Anleitung von Tumana\" \/><\/p>\n<p>Tja. Murphy sagt, solche d\u00fcnnen W\u00fcrstchen kann man nicht liegenlassen.<br \/>\nWePAM ist lufttrocknend und auch wenn&#8217;s nicht so arg schnell geht: solch d\u00fcnne Teilchen haben keine Chance!<br \/>\nAlso machen wir das ab jetzt so <a href=\"https:\/\/tumana.how\/?page_id=82\" target=\"_blank\">*klickmich*<\/a><\/p>\n<p><img decoding=\"async\" src=\"https:\/\/tumana.how\/wp-content\/uploads\/2015\/wepam\/testhasi\/wepam_testhasis_hallo_murphy_9.jpg\" alt=\"wie man ein s\u00fcsses, modelliertes H\u00e4schen innert wenigen Momenten v\u00f6llig verhunzt. Anti-Anleitung von Tumana\" \/><\/p>\n<p>Mal gucken wie schnell es schlimm wird mit den Gesichtern: ich delle die Augen ein und mache mit der Stricknadel einen &#8222;Mund&#8220;.<br \/>\nWaaahahahahaaaaa.<br \/>\nDie H\u00e4schen d\u00fcrfen auf einen St\u00fcck Papier trocknen.<\/p>\n<p><img decoding=\"async\" src=\"https:\/\/tumana.how\/wp-content\/uploads\/2015\/wepam\/testhasi\/wepam_testhasis_hallo_murphy_10.jpg\" alt=\"wie man ein s\u00fcsses, modelliertes H\u00e4schen innert wenigen Momenten v\u00f6llig verhunzt. Anti-Anleitung von Tumana\" \/><\/p>\n<p>In der Zeit widme ich mich WePAM Weiss:<\/p>\n<p><img decoding=\"async\" src=\"https:\/\/tumana.how\/wp-content\/uploads\/2015\/wepam\/testhasi\/wepam_testhasis_hallo_murphy_11.jpg\" alt=\"wie man ein s\u00fcsses, modelliertes H\u00e4schen innert wenigen Momenten v\u00f6llig verhunzt. Anti-Anleitung von Tumana\" \/><\/p>\n<p>Das selbe Spiel: kneten, kneten, H\u00e4ndewaschen, danach mit der Arbeit beginnen.<br \/>\nAuch hier rolle ich ein nicht-rundes Kugelchen.<\/p>\n<p><img decoding=\"async\" src=\"https:\/\/tumana.how\/wp-content\/uploads\/2015\/wepam\/testhasi\/wepam_testhasis_hallo_murphy_12.jpg\" alt=\"wie man ein s\u00fcsses, modelliertes H\u00e4schen innert wenigen Momenten v\u00f6llig verhunzt. Anti-Anleitung von Tumana\" \/><\/p>\n<p>Die \u00d6hrchen entstehen auf die selbe Art und Weise.<\/p>\n<p><img decoding=\"async\" src=\"https:\/\/tumana.how\/wp-content\/uploads\/2015\/wepam\/testhasi\/wepam_testhasis_hallo_murphy_13.jpg\" alt=\"wie man ein s\u00fcsses, modelliertes H\u00e4schen innert wenigen Momenten v\u00f6llig verhunzt. Anti-Anleitung von Tumana\" \/><\/p>\n<p>Ah das Puschelschw\u00e4nzchen &#8211; die Blume &#8211; nicht vergessen!<\/p>\n<p><img decoding=\"async\" src=\"https:\/\/tumana.how\/wp-content\/uploads\/2015\/wepam\/testhasi\/wepam_testhasis_hallo_murphy_14.jpg\" alt=\"wie man ein s\u00fcsses, modelliertes H\u00e4schen innert wenigen Momenten v\u00f6llig verhunzt. Anti-Anleitung von Tumana\" \/><\/p>\n<p>Beim Gesicht versuchen wir was anderes H\u00e4ssliches *kicher*<br \/>\nKrass ist auch, wie unsauber verarbeitet \u00dcberg\u00e4nge von ganz Nahe aussehen.<br \/>\nWenn Du Dir bei Deinen St\u00fcckchen mal nicht sicher bist, ob&#8217;s ok ist, mach eine Nahmaufnahme und guck&#8217;s am PC an.<br \/>\nDa sieht man a-l-l-e-s!<\/p>\n<p><img decoding=\"async\" src=\"https:\/\/tumana.how\/wp-content\/uploads\/2015\/wepam\/testhasi\/wepam_testhasis_hallo_murphy_15.jpg\" alt=\"wie man ein s\u00fcsses, modelliertes H\u00e4schen innert wenigen Momenten v\u00f6llig verhunzt. Anti-Anleitung von Tumana\" \/><\/p>\n<p>Trocknen durften meine Hasis auf einem St\u00fcck Papier.<br \/>\nUnd was ist passiert? Sie haben eine Einbuchtung im Bauchi:<\/p>\n<p><img decoding=\"async\" src=\"https:\/\/tumana.how\/wp-content\/uploads\/2015\/wepam\/testhasi\/wepam_testhasis_hallo_murphy_16.jpg\" alt=\"wie man ein s\u00fcsses, modelliertes H\u00e4schen innert wenigen Momenten v\u00f6llig verhunzt. Anti-Anleitung von Tumana\" \/><\/p>\n<p>Egal, sind eh Testst\u00fccke, also machen wir tapfer weiter.<br \/>\nIch mische mit Gouachefarben (ich benutze passend grad jene von Cl\u00e9op\u00e2tre) ein helles Rosa&#8230;<\/p>\n<p><img decoding=\"async\" src=\"https:\/\/tumana.how\/wp-content\/uploads\/2015\/wepam\/testhasi\/wepam_testhasis_hallo_murphy_17.jpg\" alt=\"wie man ein s\u00fcsses, modelliertes H\u00e4schen innert wenigen Momenten v\u00f6llig verhunzt. Anti-Anleitung von Tumana\" \/><\/p>\n<p>&#8230;und male die \u00d6hrchen an.<br \/>\nNimm einen ganz ganz d\u00fcnnen Pinsel &#8211; und vorallem einer der keine abstehenden H\u00e4rchen hat *hysterischkicher*<\/p>\n<p><img decoding=\"async\" src=\"https:\/\/tumana.how\/wp-content\/uploads\/2015\/wepam\/testhasi\/wepam_testhasis_hallo_murphy_18.jpg\" alt=\"wie man ein s\u00fcsses, modelliertes H\u00e4schen innert wenigen Momenten v\u00f6llig verhunzt. Anti-Anleitung von Tumana\" \/><\/p>\n<p>Die Farbe darf nat\u00fcrlich trocknen.<br \/>\nUnd mal alle Hasis von Unten: Alle! eingedellt.<br \/>\nGrmpf.<\/p>\n<p><img decoding=\"async\" src=\"https:\/\/tumana.how\/wp-content\/uploads\/2015\/wepam\/testhasi\/wepam_testhasis_hallo_murphy_19.jpg\" alt=\"wie man ein s\u00fcsses, modelliertes H\u00e4schen innert wenigen Momenten v\u00f6llig verhunzt. Anti-Anleitung von Tumana\" \/><\/p>\n<p>Beschert eine gewisse Schieflage.<\/p>\n<p><img decoding=\"async\" src=\"https:\/\/tumana.how\/wp-content\/uploads\/2015\/wepam\/testhasi\/wepam_testhasis_hallo_murphy_20.jpg\" alt=\"wie man ein s\u00fcsses, modelliertes H\u00e4schen innert wenigen Momenten v\u00f6llig verhunzt. Anti-Anleitung von Tumana\" \/><\/p>\n<p>So. Was k\u00f6nnen wir noch verhunzen? ich mein schief sind sie ja schon&#8230; Hm.<\/p>\n<p><img decoding=\"async\" src=\"https:\/\/tumana.how\/wp-content\/uploads\/2015\/wepam\/testhasi\/wepam_testhasis_hallo_murphy_21.jpg\" alt=\"wie man ein s\u00fcsses, modelliertes H\u00e4schen innert wenigen Momenten v\u00f6llig verhunzt. Anti-Anleitung von Tumana\" \/><\/p>\n<p>Lass uns die Gesichter verhunzen!<br \/>\nWeniger ist mehr &#8211; N\u00e4schen mit Rosa gemalt, die Knopfaugen mit Schwarz &#8211; das reicht!<br \/>\nWenn der Filzer nicht passt, wird da schnell ein ich-war-zu-lange-im-Ausgang-und-mir-l\u00e4uft-die-Schminke-runter-Hasi draus.<br \/>\nIeks!<br \/>\nAber Du siehst: so schnell kann das gehen!<\/p>\n<p><img decoding=\"async\" src=\"https:\/\/tumana.how\/wp-content\/uploads\/2015\/wepam\/testhasi\/wepam_testhasis_hallo_murphy_22.jpg\" alt=\"wie man ein s\u00fcsses, modelliertes H\u00e4schen innert wenigen Momenten v\u00f6llig verhunzt. Anti-Anleitung von Tumana\" \/><\/p>\n<p>Das ist alles andere als ein s\u00fcsses Hasi.<br \/>\nNimm niemals einen Filzer der auch nur ansatzweise zu dick sein k\u00f6nnte!<\/p>\n<p><img decoding=\"async\" src=\"https:\/\/tumana.how\/wp-content\/uploads\/2015\/wepam\/testhasi\/wepam_testhasis_hallo_murphy_23.jpg\" alt=\"wie man ein s\u00fcsses, modelliertes H\u00e4schen innert wenigen Momenten v\u00f6llig verhunzt. Anti-Anleitung von Tumana\" \/><\/p>\n<p>Yeah ein freundliches Gesicht, hihi!<\/p>\n<p><img decoding=\"async\" src=\"https:\/\/tumana.how\/wp-content\/uploads\/2015\/wepam\/testhasi\/wepam_testhasis_hallo_murphy_24.jpg\" alt=\"wie man ein s\u00fcsses, modelliertes H\u00e4schen innert wenigen Momenten v\u00f6llig verhunzt. Anti-Anleitung von Tumana\" \/><\/p>\n<p>Wenn auch leicht deformiert.<br \/>\nHey Murphy *winke*<\/p>\n<p><img decoding=\"async\" src=\"https:\/\/tumana.how\/wp-content\/uploads\/2015\/wepam\/testhasi\/wepam_testhasis_hallo_murphy_25.jpg\" alt=\"wie man ein s\u00fcsses, modelliertes H\u00e4schen innert wenigen Momenten v\u00f6llig verhunzt. Anti-Anleitung von Tumana\" \/><\/p>\n<p>Ganz \u00fcbel hat&#8217;s die Perlmutthasis erwischt.<br \/>\nich war wirklich nicht nett.<\/p>\n<p><img decoding=\"async\" src=\"https:\/\/tumana.how\/wp-content\/uploads\/2015\/wepam\/testhasi\/wepam_testhasis_hallo_murphy_26.jpg\" alt=\"wie man ein s\u00fcsses, modelliertes H\u00e4schen innert wenigen Momenten v\u00f6llig verhunzt. Anti-Anleitung von Tumana\" \/><\/p>\n<p>Gruselfan bleibt Gruselfan, hihi! In die Augeh\u00f6hlen male ich die Augen.<\/p>\n<p><img decoding=\"async\" src=\"https:\/\/tumana.how\/wp-content\/uploads\/2015\/wepam\/testhasi\/wepam_testhasis_hallo_murphy_27.jpg\" alt=\"wie man ein s\u00fcsses, modelliertes H\u00e4schen innert wenigen Momenten v\u00f6llig verhunzt. Anti-Anleitung von Tumana\" \/><\/p>\n<p>Das macht&#8217;s echt nicht besser.<br \/>\nGut zu wissen, nicht?<\/p>\n<p><img decoding=\"async\" src=\"https:\/\/tumana.how\/wp-content\/uploads\/2015\/wepam\/testhasi\/wepam_testhasis_hallo_murphy_28.jpg\" alt=\"wie man ein s\u00fcsses, modelliertes H\u00e4schen innert wenigen Momenten v\u00f6llig verhunzt. Anti-Anleitung von Tumana\" \/><\/p>\n<p>Deformiert, schr\u00e4g, schief, nicht gut gepinselt&#8230;. ich gebe einfach dem Hund Schuld!<\/p>\n<p><img decoding=\"async\" src=\"https:\/\/tumana.how\/wp-content\/uploads\/2015\/wepam\/testhasi\/wepam_testhasis_hallo_murphy_29.jpg\" alt=\"wie man ein s\u00fcsses, modelliertes H\u00e4schen innert wenigen Momenten v\u00f6llig verhunzt. Anti-Anleitung von Tumana\" \/><\/p>\n<p>Auch das zweite Perlmutth\u00e4schen hat&#8217;s erwischt. Alles nicht gut.<\/p>\n<p><img decoding=\"async\" src=\"https:\/\/tumana.how\/wp-content\/uploads\/2015\/wepam\/testhasi\/wepam_testhasis_hallo_murphy_30.jpg\" alt=\"wie man ein s\u00fcsses, modelliertes H\u00e4schen innert wenigen Momenten v\u00f6llig verhunzt. Anti-Anleitung von Tumana\" \/><\/p>\n<p>Auch hier m\u00f6chte ich Dir zeigen dass ein zu dicker Filzer wirklich wiiiirklich \u00fcbel aussieht:<\/p>\n<p><img decoding=\"async\" src=\"https:\/\/tumana.how\/wp-content\/uploads\/2015\/wepam\/testhasi\/wepam_testhasis_hallo_murphy_31.jpg\" alt=\"wie man ein s\u00fcsses, modelliertes H\u00e4schen innert wenigen Momenten v\u00f6llig verhunzt. Anti-Anleitung von Tumana\" \/><\/p>\n<p>So schnell ist es so \u00fcbel.<\/p>\n<p><img decoding=\"async\" src=\"https:\/\/tumana.how\/wp-content\/uploads\/2015\/wepam\/testhasi\/wepam_testhasis_hallo_murphy_32.jpg\" alt=\"wie man ein s\u00fcsses, modelliertes H\u00e4schen innert wenigen Momenten v\u00f6llig verhunzt. Anti-Anleitung von Tumana\" \/><\/p>\n<p>Testperlen hab&#8216; ich auch gemacht \ud83d\ude42<br \/>\nAuch auf dem Papierchen trocknen lassen, schau mal die Delle:<\/p>\n<p><img decoding=\"async\" src=\"https:\/\/tumana.how\/wp-content\/uploads\/2015\/wepam\/testhasi\/wepam_testhasis_hallo_murphy_33.jpg\" alt=\"wie man ein s\u00fcsses, modelliertes H\u00e4schen innert wenigen Momenten v\u00f6llig verhunzt. Anti-Anleitung von Tumana\" \/><\/p>\n<p>Aaaber: WePAM Perlmutt kann MIca-Shift! Was genau das ist und wie und warum habe ich beim Fimo recht gut erkl\u00e4rt, hier der Link:<br \/>\n<a href=\"https:\/\/kreativ.fimotic.com\/?page_id=458\" target=\"_blank\">kreativ.fimotic.com Mica-Shift<\/a><\/p>\n<p><img decoding=\"async\" src=\"https:\/\/tumana.how\/wp-content\/uploads\/2015\/wepam\/testhasi\/wepam_testhasis_hallo_murphy_34.jpg\" alt=\"wie man ein s\u00fcsses, modelliertes H\u00e4schen innert wenigen Momenten v\u00f6llig verhunzt. Anti-Anleitung von Tumana\" \/><\/p>\n<p>Der andern Testperle hat&#8217;s nix gemacht &#8211; ich habe sie schon zum Vornherein eingedellt ringsherum, hihi!<br \/>\nAuch eine Taktik \ud83d\ude09<\/p>\n<p><img decoding=\"async\" src=\"https:\/\/tumana.how\/wp-content\/uploads\/2015\/wepam\/testhasi\/wepam_testhasis_hallo_murphy_35.jpg\" alt=\"wie man ein s\u00fcsses, modelliertes H\u00e4schen innert wenigen Momenten v\u00f6llig verhunzt. Anti-Anleitung von Tumana\" \/><\/p>\n<p>Gut. Ende h\u00e4ssliche Bilder.<br \/>\nWas haben wir gelernt? Vielleicht mal versuchen, WePAM H\u00e4schen h\u00e4ngend zu trocknen. Das ist das n\u00e4chste H\u00e4schenprojekt. Oder im Mehl einbuddeln. Mag ich pers\u00f6nlich nicht gern aber wenn&#8217;s sein muss&#8230; Na erst mal h\u00e4ngen trocknen testen.<br \/>\nImmer aufs Werkzeug achten!<br \/>\nMuss ich Bambam beibringen &#8211; sie ist bestimmt aufmerksamer.<\/p>\n<p><img decoding=\"async\" src=\"https:\/\/tumana.how\/wp-content\/uploads\/2015\/wepam\/testhasi\/bambam.jpg\" alt=\"meine wundervolle Sch\u00e4fimaus\" \/><\/p>\n<p>Ich hoffe ich habe Dich nicht zu sehr erschreckt &#8211; oder gar abgeschreckt.<br \/>\nWenn man weiss, was alles schiefgehen kann, kann man&#8217;s vermeiden. Vielleicht helfen Dir meine Fehler ja beim einen oder andern Projekt. Muss ja nicht sein dass Du den Quatsch auch macht, nicht wahr?!?<br \/>\nNun denn: viel Spass mit WePAM, sei mutig und probier&#8217;s einfach!<br \/>\nLiebe Gr\u00fcsse,<br \/>\nEure Tumana<\/p>\n","protected":false},"excerpt":{"rendered":"<p>(Hallo Herr Murphy) Testhasi mit WePAM Schlimme Dinge kommen auf Dich zu; wenn Du leicht Albtr\u00e4ume bekommst, klick diese Anleitung weg. Ich zeige Dir wie schnell man ganz grobe und gr\u00e4ssliche Fehler machen kann, im Handumdrehen! Dazu entschlossen habe ich mich, nachdem mir Murphy auf die Schulter geklopft hat und sagte &#8222;hey, beim n\u00e4chsten Mal &hellip; <a href=\"https:\/\/tumana.how\/?page_id=79\" class=\"more-link\"><span class=\"screen-reader-text\">\u201eTesthasi (hallo Murphy!)\u201c <\/span>weiterlesen<\/a><\/p>\n","protected":false},"author":2,"featured_media":0,"parent":32,"menu_order":0,"comment_status":"closed","ping_status":"closed","template":"","meta":{"footnotes":""},"class_list":["post-79","page","type-page","status-publish","hentry"],"_links":{"self":[{"href":"https:\/\/tumana.how\/index.php?rest_route=\/wp\/v2\/pages\/79","targetHints":{"allow":["GET"]}}],"collection":[{"href":"https:\/\/tumana.how\/index.php?rest_route=\/wp\/v2\/pages"}],"about":[{"href":"https:\/\/tumana.how\/index.php?rest_route=\/wp\/v2\/types\/page"}],"author":[{"embeddable":true,"href":"https:\/\/tumana.how\/index.php?rest_route=\/wp\/v2\/users\/2"}],"replies":[{"embeddable":true,"href":"https:\/\/tumana.how\/index.php?rest_route=%2Fwp%2Fv2%2Fcomments&post=79"}],"version-history":[{"count":3,"href":"https:\/\/tumana.how\/index.php?rest_route=\/wp\/v2\/pages\/79\/revisions"}],"predecessor-version":[{"id":84,"href":"https:\/\/tumana.how\/index.php?rest_route=\/wp\/v2\/pages\/79\/revisions\/84"}],"up":[{"embeddable":true,"href":"https:\/\/tumana.how\/index.php?rest_route=\/wp\/v2\/pages\/32"}],"wp:attachment":[{"href":"https:\/\/tumana.how\/index.php?rest_route=%2Fwp%2Fv2%2Fmedia&parent=79"}],"curies":[{"name":"wp","href":"https:\/\/api.w.org\/{rel}","templated":true}]}}