{"id":82,"date":"2016-01-03T14:40:45","date_gmt":"2016-01-03T14:40:45","guid":{"rendered":"http:\/\/tumana.how\/?page_id=82"},"modified":"2016-01-03T14:40:45","modified_gmt":"2016-01-03T14:40:45","slug":"waehrend-der-arbeit","status":"publish","type":"page","link":"https:\/\/tumana.how\/?page_id=82","title":{"rendered":"w\u00e4hrend der Arbeit"},"content":{"rendered":"<p><strong>Kleine Teilchen verstauen w\u00e4hrend dem arbeiten mit WePAM<\/strong><\/p>\n<p>Bah hab&#8216; ich mich ge\u00e4rgert sag&#8216; ich Dir!<br \/>\nIch habe in der Tat ein Problem mit lufttrocknenden Modelliermassen weil sie einfach schnell trocknen.<br \/>\nWePAM ist nicht so zackig, allerdings kommt&#8217;s da echt auf die Masse an. So eine kleine Miniwurst musst nicht drei Minuten liegenlassen um dann noch zu bearbeiten.<\/p>\n<p><img decoding=\"async\" src=\"https:\/\/tumana.how\/wp-content\/uploads\/2015\/wepam\/waehrend-der-arbeit\/wepam-verstauen-beim-arbeiten_1.jpg\" alt=\"was tun damit WePAM w\u00e4hren dem werkeln nicht austrocknet\" \/><\/p>\n<p>Konnte ich wegschmeissen, dabei h\u00e4tte das doch ein Hasen\u00f6hrchen werden sollen.<br \/>\nGrmpf.<br \/>\nEgal, ich lerne \ud83d\ude42<br \/>\nWie empfohlen arbeite ich auf einer Klarsichth\u00fclle, so ein M\u00e4ppchen f\u00fcr in den Ordner mit dieser leicht krisseligen, unebenen Oberfl\u00e4che.<br \/>\nUnd wenn das M\u00e4ppchen schon daliegt, stopfe ich mein kleines Kugelchen WePAM das ich nachher gleich noch brauche, da rein.<\/p>\n<p><img decoding=\"async\" src=\"https:\/\/tumana.how\/wp-content\/uploads\/2015\/wepam\/waehrend-der-arbeit\/wepam-verstauen-beim-arbeiten_2.jpg\" alt=\"was tun damit WePAM w\u00e4hren dem werkeln nicht austrocknet\" \/><\/p>\n<p>Damit noch ein bisschen weniger Luft drankommt, beschwere ich die \u00d6ffnung &#8211; oder zumindest einen teil davon &#8211; mit der WePAM-Verpackung:<\/p>\n<p><img decoding=\"async\" src=\"https:\/\/tumana.how\/wp-content\/uploads\/2015\/wepam\/waehrend-der-arbeit\/wepam-verstauen-beim-arbeiten_3.jpg\" alt=\"was tun damit WePAM w\u00e4hren dem werkeln nicht austrocknet\" \/><\/p>\n<p>*patsch* Ruhe ist!<br \/>\nUnd ja, wenn mir etwas besseres einf\u00e4llt, erz\u00e4hle ich es Dir sofort, klaro!<br \/>\nEs ist auch besser, das WePAM das Du boch brauchst als Kl\u00fcmpchen so ins M\u00e4ppchen zu stopfen, nicht wie ich vorher schon eine d\u00fcnne Wurst; je d\u00fcnner das Teilchen, desto schneller trocknet es.<br \/>\nEigentlich logisch gell.<br \/>\nNa wir kriegen das schon noch hin!<\/p>\n<p>A propos hinkriegen: Ich habe eine neue Reinigungskraft:<\/p>\n<p><img decoding=\"async\" src=\"https:\/\/tumana.how\/wp-content\/uploads\/2015\/wepam\/waehrend-der-arbeit\/neue-reinigungskraft.jpg\" alt=\"mein Babyhundchen\" \/><\/p>\n<p>Ich hoffe Du l\u00e4sst Dir den Spass an WePAM genau so wenig nehmen<br \/>\nwie ich \ud83d\ude42<br \/>\nHab ganz viel Spass am kneten &#8211; und wenn Du in meinen Dingsels zuk\u00fcnftig Staubteilchen und Haare siehst, weisst Du jetzt ja wer Schuld dran ist, hihi.<br \/>\nLiebe Gr\u00fcsse,<br \/>\nEure Tumana<\/p>\n<p>P.S.: so geht&#8217;s auch!<br \/>\n24h waren kein Problem.<br \/>\nEwig w\u00fcrde ich es jetzt nicht nur in Klarsichtfolie einpacken aber zum arbeiten geht&#8217;s also bestens und ganz und gar easy.<\/p>\n<p><img decoding=\"async\" src=\"https:\/\/tumana.how\/wp-content\/uploads\/2015\/wepam\/waehrend-der-arbeit\/wepam-verstauen-beim-arbeiten_4.jpg\" alt=\"was tun damit WePAM w\u00e4hren dem werkeln nicht austrocknet\" \/><\/p>\n","protected":false},"excerpt":{"rendered":"<p>Kleine Teilchen verstauen w\u00e4hrend dem arbeiten mit WePAM Bah hab&#8216; ich mich ge\u00e4rgert sag&#8216; ich Dir! Ich habe in der Tat ein Problem mit lufttrocknenden Modelliermassen weil sie einfach schnell trocknen. WePAM ist nicht so zackig, allerdings kommt&#8217;s da echt auf die Masse an. So eine kleine Miniwurst musst nicht drei Minuten liegenlassen um dann &hellip; <a href=\"https:\/\/tumana.how\/?page_id=82\" class=\"more-link\"><span class=\"screen-reader-text\">\u201ew\u00e4hrend der Arbeit\u201c <\/span>weiterlesen<\/a><\/p>\n","protected":false},"author":2,"featured_media":0,"parent":32,"menu_order":0,"comment_status":"closed","ping_status":"closed","template":"","meta":{"footnotes":""},"class_list":["post-82","page","type-page","status-publish","hentry"],"_links":{"self":[{"href":"https:\/\/tumana.how\/index.php?rest_route=\/wp\/v2\/pages\/82","targetHints":{"allow":["GET"]}}],"collection":[{"href":"https:\/\/tumana.how\/index.php?rest_route=\/wp\/v2\/pages"}],"about":[{"href":"https:\/\/tumana.how\/index.php?rest_route=\/wp\/v2\/types\/page"}],"author":[{"embeddable":true,"href":"https:\/\/tumana.how\/index.php?rest_route=\/wp\/v2\/users\/2"}],"replies":[{"embeddable":true,"href":"https:\/\/tumana.how\/index.php?rest_route=%2Fwp%2Fv2%2Fcomments&post=82"}],"version-history":[{"count":1,"href":"https:\/\/tumana.how\/index.php?rest_route=\/wp\/v2\/pages\/82\/revisions"}],"predecessor-version":[{"id":83,"href":"https:\/\/tumana.how\/index.php?rest_route=\/wp\/v2\/pages\/82\/revisions\/83"}],"up":[{"embeddable":true,"href":"https:\/\/tumana.how\/index.php?rest_route=\/wp\/v2\/pages\/32"}],"wp:attachment":[{"href":"https:\/\/tumana.how\/index.php?rest_route=%2Fwp%2Fv2%2Fmedia&parent=82"}],"curies":[{"name":"wp","href":"https:\/\/api.w.org\/{rel}","templated":true}]}}