{"id":87,"date":"2016-01-03T15:08:29","date_gmt":"2016-01-03T15:08:29","guid":{"rendered":"http:\/\/tumana.how\/?page_id=87"},"modified":"2016-01-03T15:08:29","modified_gmt":"2016-01-03T15:08:29","slug":"wemoules","status":"publish","type":"page","link":"https:\/\/tumana.how\/?page_id=87","title":{"rendered":"WeMoules"},"content":{"rendered":"<p><strong>WeMoules:<\/strong><br \/>\n<strong>gucken, anfassen, ausprobieren<\/strong><br \/>\n<strong>der ersten Generation WeMoules<\/strong><\/p>\n<p>Dem b\u00f6sen Postboten mein Paket entrissen muaaahahahahaaaa (wieso l\u00e4uft der eigentlich immer mit MEINER Post rum?!? Hat er keine eigene?!? *kicher*) und den beengenden Karton aufgerissen!<br \/>\nSchnell die WeMoules befreien!<\/p>\n<p><img decoding=\"async\" src=\"https:\/\/tumana.how\/wp-content\/uploads\/2015\/wepam\/wemoules\/wemoule_1.jpg\" alt=\"wir entdecken die wunderbaren WeMoules\" \/><\/p>\n<p>H\u00fcbsch, nicht?<br \/>\nDie Stiele hinzukriegen ist nicht ganz leicht &#8211; bezw. ich werde die meisten Bl\u00e4tter mit der Schere nachbearbeiten m\u00fcssen.<\/p>\n<p><img decoding=\"async\" src=\"https:\/\/tumana.how\/wp-content\/uploads\/2015\/wepam\/wemoules\/wemoule_2.jpg\" alt=\"wir entdecken die wunderbaren WeMoules\" \/><\/p>\n<p>So gar nicht mein Stil diese S\u00fcssigkeiten aber auch das will ich nat\u00fcrlich ausprobieren!<\/p>\n<p><img decoding=\"async\" src=\"https:\/\/tumana.how\/wp-content\/uploads\/2015\/wepam\/wemoules\/wemoule_3.jpg\" alt=\"wir entdecken die wunderbaren WeMoules\" \/><\/p>\n<p>Die Rosen sind mit Vorbehalt toll: die grosse Rose ist genial, superdetailliert, wundersch\u00f6n! Die kleineren Rosen sind im Vergleich mit der grossen einfach &#8230;platt.<br \/>\nIch dachte erst, ich mache etwas falsch. Aber sie sind wirklich so &#8230;nun, nicht sooo sch\u00f6n.<\/p>\n<p><img decoding=\"async\" src=\"https:\/\/tumana.how\/wp-content\/uploads\/2015\/wepam\/wemoules\/wemoule_4.jpg\" alt=\"wir entdecken die wunderbaren WeMoules\" \/><\/p>\n<p>Die Verpackung ist gew\u00f6hnungsbed\u00fcrftig; die kleinen Bilder Unten rechts schrecken mich ehrlich gesagt mehr ab als dass sie mir gefallen&#8230; zum Gl\u00fcck hab&#8216; ich die beim shoppen nicht gesehen, hihi!<br \/>\nAber: lass Dich davon nicht abhalten! Die Motivformen sind wirklich toll! Tolles Material, angenehm im handling.<\/p>\n<p><img decoding=\"async\" src=\"https:\/\/tumana.how\/wp-content\/uploads\/2015\/wepam\/wemoules\/wemoule_5.jpg\" alt=\"wir entdecken die wunderbaren WeMoules\" \/><\/p>\n<p>Buchstaben &#8211; wer braucht keine?!? Man hat niemals genug davon!<br \/>\nUnd sie sind klein genug zum karteln, yeah!<\/p>\n<p><img decoding=\"async\" src=\"https:\/\/tumana.how\/wp-content\/uploads\/2015\/wepam\/wemoules\/wemoule_6.jpg\" alt=\"wir entdecken die wunderbaren WeMoules\" \/><\/p>\n<p>Das selbe mit den Herzchen \ud83d\ude42<br \/>\nEine durch und durch perfekte Motivform!<\/p>\n<p><img decoding=\"async\" src=\"https:\/\/tumana.how\/wp-content\/uploads\/2015\/wepam\/wemoules\/wemoule_7.jpg\" alt=\"wir entdecken die wunderbaren WeMoules\" \/><\/p>\n<p>Mascherl sind auch immer gut, nicht?<br \/>\nF\u00fcr das klitzekleine Herz habe ich zu grobe Pfoten *seufz*<\/p>\n<p><img decoding=\"async\" src=\"https:\/\/tumana.how\/wp-content\/uploads\/2015\/wepam\/wemoules\/wemoule_8.jpg\" alt=\"wir entdecken die wunderbaren WeMoules\" \/><\/p>\n<p>Gesicht zeigen \ud83d\ude42<\/p>\n<p><img decoding=\"async\" src=\"https:\/\/tumana.how\/wp-content\/uploads\/2015\/wepam\/wemoules\/wemoule_9.jpg\" alt=\"wir entdecken die wunderbaren WeMoules\" \/><\/p>\n<p>Diese Motivform ist toll!<br \/>\nDie K\u00f6pfe kommen sauber aus der Form raus, sie sind fast zu klein um Fehler zu machen *kicher* und eignen sich in ihrer Kleinheit auch super zum Karten basteln.<\/p>\n<p><img decoding=\"async\" src=\"https:\/\/tumana.how\/wp-content\/uploads\/2015\/wepam\/wemoules\/wemoule_10.jpg\" alt=\"wir entdecken die wunderbaren WeMoules\" \/><\/p>\n<p>Die erste Generation der WeMoules hat auch ein paar Kinderkrankheiten, das geh\u00f6rt dazu. Wenn man die Schwachstellen kennt, kann man damit gut umgehen.<br \/>\nDie Gesichter sind z.T. sehr sehr d\u00fcnn!<br \/>\nBitte schau Dir Deine Moule erst an und arbeite dann entsprechend vorsichtig.<br \/>\nMan kann damit super arbeiten, musst einfach bissel auf spitze Gegenst\u00e4nde (auch getrocknetes WePAM auf der Arbeitsfl\u00e4che!) und Fingern\u00e4gel achten.<br \/>\nDer Hersteller, also da wo die Formen gemacht werden, ist informiert und wird&#8217;s nat\u00fcrlich \u00e4ndern.<\/p>\n<p><img decoding=\"async\" src=\"https:\/\/tumana.how\/wp-content\/uploads\/2015\/wepam\/wemoules\/wemoule_16.jpg\" alt=\"wir entdecken die wunderbaren WeMoules\" \/><\/p>\n<p>Die Engel haben auch ihre T\u00fccken.<br \/>\nAmor ist perfekt! Wirklich perfekt!<br \/>\nBeim Engel, der wohl an Michel Angelos Sixtinische Madonna angelehnt ist, ist ein kleiner Perspektivfehler passiert. Der kleine Engel guckt ja seitlich nach Oben &#8211; das sieht dann bei der abgeformten Figur sehr ged\u00e4tscht aus.<br \/>\nWenn der kleine Engel also gesichtsdeformiert ist, ist es nicht! Dein Fehler!<br \/>\nDu kannst den Kopf etwas auszugleichen: sobald die Oberfl\u00e4che leicht angetrocknet ist, mutig auf die Stirn dr\u00fccken.<br \/>\nDas machen wir dann noch zusammen.<br \/>\nOder wenn Du die Figur zum karteln oder so brauchst, kleb&#8216; etwas Kaschierendes drauf, dann merkt&#8217;s auch kein Mensch!<\/p>\n<p><img decoding=\"async\" src=\"https:\/\/tumana.how\/wp-content\/uploads\/2015\/wepam\/wemoules\/wemoule_11.jpg\" alt=\"wir entdecken die wunderbaren WeMoules\" \/><\/p>\n<p>Das grosse Gesicht ist super!<br \/>\nDie T\u00fccke hier: Man sieht jeden Riss im WePAM und das rausnehmen ist etwas friemelig.<br \/>\nDa die Moule aber soooooo flexibel ist, kann man den Rand wirklich gut auseinanderziehen.<br \/>\nGanz ganz tolle Moule!<\/p>\n<p><img decoding=\"async\" src=\"https:\/\/tumana.how\/wp-content\/uploads\/2015\/wepam\/wemoules\/wemoule_12.jpg\" alt=\"wir entdecken die wunderbaren WeMoules\" \/><\/p>\n<p>Das Gesicht mit den H\u00e4nden ist super!<br \/>\nBei en H\u00e4nden muss man bissel friemeln damit es keine Schwimmh\u00e4ute gibt, hihi.<\/p>\n<p><img decoding=\"async\" src=\"https:\/\/tumana.how\/wp-content\/uploads\/2015\/wepam\/wemoules\/wemoule_13.jpg\" alt=\"wir entdecken die wunderbaren WeMoules\" \/><\/p>\n<p>So.<br \/>\nLos geht&#8217;s! Auspacken und machen!<\/p>\n<p><img decoding=\"async\" src=\"https:\/\/tumana.how\/wp-content\/uploads\/2015\/wepam\/wemoules\/wemoule_14.jpg\" alt=\"wir entdecken die wunderbaren WeMoules\" \/><\/p>\n<p>Tadaaaaa die Originalgebrauchsanleitung:<\/p>\n<p><img decoding=\"async\" src=\"https:\/\/tumana.how\/wp-content\/uploads\/2015\/wepam\/wemoules\/how-to.jpg\" alt=\"wir entdecken die wunderbaren WeMoules\" \/><\/p>\n<p>Ich pers\u00f6nlich kann das viel, viiiiel besser wenn ich die Moule vor mich auf die Arbeitsplatte lege. Sie pappt sch\u00f6n brav fest und ich kann das WePAM reinstopfen.<br \/>\nWenn ich sie festhalte in der einen Hand geht&#8217;s irgendwie nicht so gut.<br \/>\nProbiers aus was Dir am besten liegt \ud83d\ude42<\/p>\n<p><img decoding=\"async\" src=\"https:\/\/tumana.how\/wp-content\/uploads\/2015\/wepam\/wemoules\/wemoule_15.jpg\" alt=\"wir entdecken die wunderbaren WeMoules\" \/><\/p>\n<p>Einfach mal ausprobieren und Dingelchen machen &#8211; was draus wird? Keine Ahnung, gucke ich sp\u00e4ter \ud83d\ude42<br \/>\nErst mal einfach nur kennenlernen! Mit dem Material spielen, f\u00fchlen, anfassen und sich wohlf\u00fchlen dabei.<\/p>\n<p><img decoding=\"async\" src=\"https:\/\/tumana.how\/wp-content\/uploads\/2015\/wepam\/wemoules\/wemoule_17.jpg\" alt=\"wir entdecken die wunderbaren WeMoules\" \/><\/p>\n<p>A propos wohlf\u00fchlen: mein armes, armes Hundekind muss sich ins Katzenkissen reinquetschen. (Kollektives) Oooooooh!<\/p>\n<p><img decoding=\"async\" src=\"https:\/\/tumana.how\/wp-content\/uploads\/2015\/wepam\/wemoules\/armes-armes-hundchen.jpg\" alt=\"mein Hundebaby\" \/><\/p>\n<p>Na?<br \/>\nHast Du auch schon trilliarden Ideen was man mit dem Krams aus den Motivformen alles anstellen k\u00f6nnte?!?<br \/>\nIch habe angefangen, mir Notizen und Skizzen zu machen, ich vergesse viel zu viel! Und jede verlorene gute Idee ist ein Trauerfall.<br \/>\nViel Spass beim notizeln und spielen,<br \/>\nliebe Gr\u00fcsse,<br \/>\nEure Tumana<\/p>\n","protected":false},"excerpt":{"rendered":"<p>WeMoules: gucken, anfassen, ausprobieren der ersten Generation WeMoules Dem b\u00f6sen Postboten mein Paket entrissen muaaahahahahaaaa (wieso l\u00e4uft der eigentlich immer mit MEINER Post rum?!? Hat er keine eigene?!? *kicher*) und den beengenden Karton aufgerissen! Schnell die WeMoules befreien! H\u00fcbsch, nicht? Die Stiele hinzukriegen ist nicht ganz leicht &#8211; bezw. ich werde die meisten Bl\u00e4tter mit &hellip; <a href=\"https:\/\/tumana.how\/?page_id=87\" class=\"more-link\"><span class=\"screen-reader-text\">\u201eWeMoules\u201c <\/span>weiterlesen<\/a><\/p>\n","protected":false},"author":2,"featured_media":0,"parent":32,"menu_order":0,"comment_status":"closed","ping_status":"closed","template":"","meta":{"footnotes":""},"class_list":["post-87","page","type-page","status-publish","hentry"],"_links":{"self":[{"href":"https:\/\/tumana.how\/index.php?rest_route=\/wp\/v2\/pages\/87","targetHints":{"allow":["GET"]}}],"collection":[{"href":"https:\/\/tumana.how\/index.php?rest_route=\/wp\/v2\/pages"}],"about":[{"href":"https:\/\/tumana.how\/index.php?rest_route=\/wp\/v2\/types\/page"}],"author":[{"embeddable":true,"href":"https:\/\/tumana.how\/index.php?rest_route=\/wp\/v2\/users\/2"}],"replies":[{"embeddable":true,"href":"https:\/\/tumana.how\/index.php?rest_route=%2Fwp%2Fv2%2Fcomments&post=87"}],"version-history":[{"count":1,"href":"https:\/\/tumana.how\/index.php?rest_route=\/wp\/v2\/pages\/87\/revisions"}],"predecessor-version":[{"id":88,"href":"https:\/\/tumana.how\/index.php?rest_route=\/wp\/v2\/pages\/87\/revisions\/88"}],"up":[{"embeddable":true,"href":"https:\/\/tumana.how\/index.php?rest_route=\/wp\/v2\/pages\/32"}],"wp:attachment":[{"href":"https:\/\/tumana.how\/index.php?rest_route=%2Fwp%2Fv2%2Fmedia&parent=87"}],"curies":[{"name":"wp","href":"https:\/\/api.w.org\/{rel}","templated":true}]}}