{"id":90,"date":"2016-01-03T15:15:15","date_gmt":"2016-01-03T15:15:15","guid":{"rendered":"http:\/\/tumana.how\/?page_id=90"},"modified":"2016-01-03T15:15:42","modified_gmt":"2016-01-03T15:15:42","slug":"wemoule-engelchen","status":"publish","type":"page","link":"https:\/\/tumana.how\/?page_id=90","title":{"rendered":"WeMoule Engelchen"},"content":{"rendered":"<p>Tschja. Die erste Generation von den s\u00fcssen Engeln hat ja ein kleines D\u00e4tschproblem. Das wird ge\u00e4ndert werden aber die Moule ist jetzt da bei mir und ich will das Bestm\u00f6gliche damit machen.<br \/>\nGrad f\u00fcr K\u00e4rtchen und Geschenkanh\u00e4nger sind die Engelein super!<\/p>\n<p><img decoding=\"async\" src=\"https:\/\/tumana.how\/wp-content\/uploads\/2015\/wepam\/wemoule_angelo\/wemoule_angelo_1.jpg\" alt=\"mit den WeMoules Engelmotiv Engelchen machen\" \/><\/p>\n<p>Ohne grossen Aufwand kann man die Engel weihnachtlich \/ festlich angehaucht wirken lassen, wenn man ganz wenig goldfarbenes Pigmentpulver auf blaues WePAM draufpinselt. Wirklich nur ganz ganz wenig!<br \/>\nAmor sieht eh super aus!<\/p>\n<p><img decoding=\"async\" src=\"https:\/\/tumana.how\/wp-content\/uploads\/2015\/wepam\/wemoule_angelo\/wemoule_angelo_2.jpg\" alt=\"mit den WeMoules Engelmotiv Engelchen machen\" \/><\/p>\n<p>So. Hier der kleine D\u00e4tschfreund.<br \/>\nDas Fig\u00fcrchen aus der Form rausnehmen und ein wenig warten. Wenn es langsam anzieht, also bissel antrocknet, einmal sanft auf die Stirn dr\u00fccken. Das beult das Gesicht richtig gut aus und r\u00fcckt es zurecht:<\/p>\n<p><img decoding=\"async\" src=\"https:\/\/tumana.how\/wp-content\/uploads\/2015\/wepam\/wemoule_angelo\/wemoule_angelo_3.jpg\" alt=\"mit den WeMoules Engelmotiv Engelchen machen\" \/><\/p>\n<p>Siehst Du den Unterschied?<\/p>\n<p><img decoding=\"async\" src=\"https:\/\/tumana.how\/wp-content\/uploads\/2015\/wepam\/wemoule_angelo\/wemoule_angelo_4.jpg\" alt=\"mit den WeMoules Engelmotiv Engelchen machen\" \/><\/p>\n<p>A propos Unterschied: schau mal, so ist der Gr\u00f6ssenunterschied von frischem WePAM und getrocknetem WePAM. Ich habe zwei getrocknete Engelchen in die WeMoule gelegt:<\/p>\n<p><img decoding=\"async\" src=\"https:\/\/tumana.how\/wp-content\/uploads\/2015\/wepam\/wemoule_angelo\/wemoule_angelo_5.jpg\" alt=\"mit den WeMoules Engelmotiv Engelchen machen\" \/><\/p>\n<p>Was so ein bisschen Gold ausmachen kann:<\/p>\n<p><img decoding=\"async\" src=\"https:\/\/tumana.how\/wp-content\/uploads\/2015\/wepam\/wemoule_angelo\/wemoule_angelo_6.jpg\" alt=\"mit den WeMoules Engelmotiv Engelchen machen\" \/><\/p>\n<p>Ich empfehle zu lackieren; das Goldp\u00fclverchen schrubbelt sich sonst ab mit der Zeit.<br \/>\nAber dann ist es parat um aufgeklebt zu werden&#8230;<\/p>\n<p><img decoding=\"async\" src=\"https:\/\/tumana.how\/wp-content\/uploads\/2015\/wepam\/wemoule_angelo\/wemoule_angelo_7.jpg\" alt=\"mit den WeMoules Engelmotiv Engelchen machen\" \/><\/p>\n<p>&#8230;oder mit einer \u00d6se und einer Kette das perfekte Embellishemeht um an einer Weihnachtskarte zu baumeln:<\/p>\n<p><img decoding=\"async\" src=\"https:\/\/tumana.how\/wp-content\/uploads\/2015\/wepam\/wemoule_angelo\/wemoule_angelo_8.jpg\" alt=\"mit den WeMoules Engelmotiv Engelchen machen\" \/><\/p>\n<p>A propos Engelchen: Das ist sie wenn sie schl\u00e4ft \ud83d\ude42<\/p>\n<p><img decoding=\"async\" src=\"https:\/\/tumana.how\/wp-content\/uploads\/2015\/wepam\/wemoule_angelo\/schlafhundchen.jpg\" alt=\"Hundebaby pennt\" \/><\/p>\n<p>Ich mag die Engelchen &#8211; und jetzt wo&#8217;s klappt mit dem Kopf erst Recht!<br \/>\nNiemals aufgeben (niemals kapitulieren, bei Grabthars Hammer&#8230;)! Hat sich mal wieder gelohnt *freu*<br \/>\nViel Spass beim wepamen,<br \/>\nliebe Gr\u00fcsse,<br \/>\nEure Tumana<\/p>\n","protected":false},"excerpt":{"rendered":"<p>Tschja. Die erste Generation von den s\u00fcssen Engeln hat ja ein kleines D\u00e4tschproblem. Das wird ge\u00e4ndert werden aber die Moule ist jetzt da bei mir und ich will das Bestm\u00f6gliche damit machen. Grad f\u00fcr K\u00e4rtchen und Geschenkanh\u00e4nger sind die Engelein super! Ohne grossen Aufwand kann man die Engel weihnachtlich \/ festlich angehaucht wirken lassen, wenn &hellip; <a href=\"https:\/\/tumana.how\/?page_id=90\" class=\"more-link\"><span class=\"screen-reader-text\">\u201eWeMoule Engelchen\u201c <\/span>weiterlesen<\/a><\/p>\n","protected":false},"author":2,"featured_media":0,"parent":87,"menu_order":0,"comment_status":"closed","ping_status":"closed","template":"","meta":{"footnotes":""},"class_list":["post-90","page","type-page","status-publish","hentry"],"_links":{"self":[{"href":"https:\/\/tumana.how\/index.php?rest_route=\/wp\/v2\/pages\/90","targetHints":{"allow":["GET"]}}],"collection":[{"href":"https:\/\/tumana.how\/index.php?rest_route=\/wp\/v2\/pages"}],"about":[{"href":"https:\/\/tumana.how\/index.php?rest_route=\/wp\/v2\/types\/page"}],"author":[{"embeddable":true,"href":"https:\/\/tumana.how\/index.php?rest_route=\/wp\/v2\/users\/2"}],"replies":[{"embeddable":true,"href":"https:\/\/tumana.how\/index.php?rest_route=%2Fwp%2Fv2%2Fcomments&post=90"}],"version-history":[{"count":2,"href":"https:\/\/tumana.how\/index.php?rest_route=\/wp\/v2\/pages\/90\/revisions"}],"predecessor-version":[{"id":93,"href":"https:\/\/tumana.how\/index.php?rest_route=\/wp\/v2\/pages\/90\/revisions\/93"}],"up":[{"embeddable":true,"href":"https:\/\/tumana.how\/index.php?rest_route=\/wp\/v2\/pages\/87"}],"wp:attachment":[{"href":"https:\/\/tumana.how\/index.php?rest_route=%2Fwp%2Fv2%2Fmedia&parent=90"}],"curies":[{"name":"wp","href":"https:\/\/api.w.org\/{rel}","templated":true}]}}